{"id":691,"date":"2023-09-06T15:23:52","date_gmt":"2023-09-06T15:23:52","guid":{"rendered":"https:\/\/www.hotel-laperouse.fr\/nos-engagements\/"},"modified":"2023-11-17T13:40:46","modified_gmt":"2023-11-17T13:40:46","slug":"nuestros-compromisos","status":"publish","type":"page","link":"https:\/\/www.hotel-laperouse.fr\/es\/nuestros-compromisos\/","title":{"rendered":"Nuestros compromisos"},"content":{"rendered":"<p style=\"text-align: center;\">Nuestros compromisos son una realidad operativa, pero su \u00e9xito recae en los equipos que velan por su aplicaci\u00f3n diaria.<br \/>\nPor lo tanto, se trata ante todo de un trabajo con nuestro equipo.<\/p>\n","protected":false},"excerpt":{"rendered":"<p>Nuestros compromisos son una realidad operativa, pero su \u00e9xito recae en los equipos que velan por su aplicaci\u00f3n diaria. Por lo tanto, se trata ante todo de un trabajo con nuestro equipo.<\/p>\n","protected":false},"author":5,"featured_media":0,"parent":0,"menu_order":0,"comment_status":"closed","ping_status":"closed","template":"template-default-4.php","meta":{"footnotes":""},"class_list":["post-691","page","type-page","status-publish","hentry"],"yoast_head":"<!-- This site is optimized with the Yoast SEO plugin v26.9 - https:\/\/yoast.com\/product\/yoast-seo-wordpress\/ -->\n<title>Nuestros compromisos - La P\u00e9rouse Hotel<\/title>\n<meta name=\"description\" content=\"Nuestros compromisos son una realidad operativa, pero su \u00e9xito recae en los equipos que velan por su aplicaci\u00f3n diaria. Por lo tanto, se trata ante todo\" \/>\n<meta name=\"robots\" content=\"index, follow, max-snippet:-1, max-image-preview:large, max-video-preview:-1\" \/>\n<link rel=\"canonical\" href=\"https:\/\/www.hotel-laperouse.fr\/es\/nuestros-compromisos\/\" \/>\n<meta property=\"og:locale\" content=\"es_ES\" \/>\n<meta property=\"og:type\" content=\"article\" \/>\n<meta property=\"og:title\" content=\"Nuestros compromisos - La P\u00e9rouse Hotel\" \/>\n<meta property=\"og:description\" content=\"Nuestros compromisos son una realidad operativa, pero su \u00e9xito recae en los equipos que velan por su aplicaci\u00f3n diaria. Por lo tanto, se trata ante todo\" \/>\n<meta property=\"og:url\" content=\"https:\/\/www.hotel-laperouse.fr\/es\/nuestros-compromisos\/\" \/>\n<meta property=\"og:site_name\" content=\"La P\u00e9rouse Hotel\" \/>\n<meta property=\"article:modified_time\" content=\"2023-11-17T13:40:46+00:00\" \/>\n<meta name=\"twitter:card\" content=\"summary_large_image\" \/>\n<script type=\"application\/ld+json\" class=\"yoast-schema-graph\">{\"@context\":\"https:\/\/schema.org\",\"@graph\":[{\"@type\":\"WebPage\",\"@id\":\"https:\/\/www.hotel-laperouse.fr\/es\/nuestros-compromisos\/\",\"url\":\"https:\/\/www.hotel-laperouse.fr\/es\/nuestros-compromisos\/\",\"name\":\"Nuestros compromisos - La P\u00e9rouse Hotel\",\"isPartOf\":{\"@id\":\"https:\/\/www.hotel-laperouse.fr\/es\/#website\"},\"datePublished\":\"2023-09-06T15:23:52+00:00\",\"dateModified\":\"2023-11-17T13:40:46+00:00\",\"description\":\"Nuestros compromisos son una realidad operativa, pero su \u00e9xito recae en los equipos que velan por su aplicaci\u00f3n diaria. Por lo tanto, se trata ante todo\",\"breadcrumb\":{\"@id\":\"https:\/\/www.hotel-laperouse.fr\/es\/nuestros-compromisos\/#breadcrumb\"},\"inLanguage\":\"es\",\"potentialAction\":[{\"@type\":\"ReadAction\",\"target\":[\"https:\/\/www.hotel-laperouse.fr\/es\/nuestros-compromisos\/\"]}]},{\"@type\":\"BreadcrumbList\",\"@id\":\"https:\/\/www.hotel-laperouse.fr\/es\/nuestros-compromisos\/#breadcrumb\",\"itemListElement\":[{\"@type\":\"ListItem\",\"position\":1,\"name\":\"Home\",\"item\":\"https:\/\/www.hotel-laperouse.fr\/es\/\"},{\"@type\":\"ListItem\",\"position\":2,\"name\":\"Nuestros compromisos\"}]},{\"@type\":\"WebSite\",\"@id\":\"https:\/\/www.hotel-laperouse.fr\/es\/#website\",\"url\":\"https:\/\/www.hotel-laperouse.fr\/es\/\",\"name\":\"La P\u00e9rouse Hotel\",\"description\":\"\",\"potentialAction\":[{\"@type\":\"SearchAction\",\"target\":{\"@type\":\"EntryPoint\",\"urlTemplate\":\"https:\/\/www.hotel-laperouse.fr\/es\/?s={search_term_string}\"},\"query-input\":{\"@type\":\"PropertyValueSpecification\",\"valueRequired\":true,\"valueName\":\"search_term_string\"}}],\"inLanguage\":\"es\"}]}<\/script>\n<!-- \/ Yoast SEO plugin. -->","yoast_head_json":{"title":"Nuestros compromisos - La P\u00e9rouse Hotel","description":"Nuestros compromisos son una realidad operativa, pero su \u00e9xito recae en los equipos que velan por su aplicaci\u00f3n diaria. Por lo tanto, se trata ante todo","robots":{"index":"index","follow":"follow","max-snippet":"max-snippet:-1","max-image-preview":"max-image-preview:large","max-video-preview":"max-video-preview:-1"},"canonical":"https:\/\/www.hotel-laperouse.fr\/es\/nuestros-compromisos\/","og_locale":"es_ES","og_type":"article","og_title":"Nuestros compromisos - La P\u00e9rouse Hotel","og_description":"Nuestros compromisos son una realidad operativa, pero su \u00e9xito recae en los equipos que velan por su aplicaci\u00f3n diaria. Por lo tanto, se trata ante todo","og_url":"https:\/\/www.hotel-laperouse.fr\/es\/nuestros-compromisos\/","og_site_name":"La P\u00e9rouse Hotel","article_modified_time":"2023-11-17T13:40:46+00:00","twitter_card":"summary_large_image","schema":{"@context":"https:\/\/schema.org","@graph":[{"@type":"WebPage","@id":"https:\/\/www.hotel-laperouse.fr\/es\/nuestros-compromisos\/","url":"https:\/\/www.hotel-laperouse.fr\/es\/nuestros-compromisos\/","name":"Nuestros compromisos - La P\u00e9rouse Hotel","isPartOf":{"@id":"https:\/\/www.hotel-laperouse.fr\/es\/#website"},"datePublished":"2023-09-06T15:23:52+00:00","dateModified":"2023-11-17T13:40:46+00:00","description":"Nuestros compromisos son una realidad operativa, pero su \u00e9xito recae en los equipos que velan por su aplicaci\u00f3n diaria. Por lo tanto, se trata ante todo","breadcrumb":{"@id":"https:\/\/www.hotel-laperouse.fr\/es\/nuestros-compromisos\/#breadcrumb"},"inLanguage":"es","potentialAction":[{"@type":"ReadAction","target":["https:\/\/www.hotel-laperouse.fr\/es\/nuestros-compromisos\/"]}]},{"@type":"BreadcrumbList","@id":"https:\/\/www.hotel-laperouse.fr\/es\/nuestros-compromisos\/#breadcrumb","itemListElement":[{"@type":"ListItem","position":1,"name":"Home","item":"https:\/\/www.hotel-laperouse.fr\/es\/"},{"@type":"ListItem","position":2,"name":"Nuestros compromisos"}]},{"@type":"WebSite","@id":"https:\/\/www.hotel-laperouse.fr\/es\/#website","url":"https:\/\/www.hotel-laperouse.fr\/es\/","name":"La P\u00e9rouse Hotel","description":"","potentialAction":[{"@type":"SearchAction","target":{"@type":"EntryPoint","urlTemplate":"https:\/\/www.hotel-laperouse.fr\/es\/?s={search_term_string}"},"query-input":{"@type":"PropertyValueSpecification","valueRequired":true,"valueName":"search_term_string"}}],"inLanguage":"es"}]}},"acf":[],"_links":{"self":[{"href":"https:\/\/www.hotel-laperouse.fr\/es\/wp-json\/wp\/v2\/pages\/691","targetHints":{"allow":["GET"]}}],"collection":[{"href":"https:\/\/www.hotel-laperouse.fr\/es\/wp-json\/wp\/v2\/pages"}],"about":[{"href":"https:\/\/www.hotel-laperouse.fr\/es\/wp-json\/wp\/v2\/types\/page"}],"author":[{"embeddable":true,"href":"https:\/\/www.hotel-laperouse.fr\/es\/wp-json\/wp\/v2\/users\/5"}],"replies":[{"embeddable":true,"href":"https:\/\/www.hotel-laperouse.fr\/es\/wp-json\/wp\/v2\/comments?post=691"}],"version-history":[{"count":0,"href":"https:\/\/www.hotel-laperouse.fr\/es\/wp-json\/wp\/v2\/pages\/691\/revisions"}],"wp:attachment":[{"href":"https:\/\/www.hotel-laperouse.fr\/es\/wp-json\/wp\/v2\/media?parent=691"}],"curies":[{"name":"wp","href":"https:\/\/api.w.org\/{rel}","templated":true}]}}