{"id":572,"date":"2022-02-21T11:08:16","date_gmt":"2022-02-21T11:08:16","guid":{"rendered":"https:\/\/perouse.ms.decms.eu\/revue-de-presse\/"},"modified":"2022-05-16T13:55:55","modified_gmt":"2022-05-16T13:55:55","slug":"revista-de-prensa","status":"publish","type":"page","link":"https:\/\/www.hotel-laperouse.fr\/es\/revista-de-prensa\/","title":{"rendered":"Revista de prensa"},"content":{"rendered":"<p style=\"text-align: center;\">Visite nuestra secci\u00f3n de rese\u00f1as para consultar los \u00faltimos art\u00edculos en los que figura nuestro establecimiento.<\/p>\n","protected":false},"excerpt":{"rendered":"<p>Visite nuestra secci\u00f3n de rese\u00f1as para consultar los \u00faltimos art\u00edculos en los que figura nuestro establecimiento.<\/p>\n","protected":false},"author":46,"featured_media":0,"parent":0,"menu_order":80,"comment_status":"closed","ping_status":"closed","template":"template-press.php","meta":{"footnotes":""},"class_list":["post-572","page","type-page","status-publish","hentry"],"yoast_head":"<!-- This site is optimized with the Yoast SEO plugin v26.9 - https:\/\/yoast.com\/product\/yoast-seo-wordpress\/ -->\n<title>Revista de prensa - Hotel Nantes La P\u00e9rouse - Hotel de 4 estrellas ubicado en el centro de Nantes<\/title>\n<meta name=\"description\" content=\"Hablan de nuestro excepcional hotel de 4 estrellas en el centro de Nantes: el hotel La P\u00e9rouse Nantes. Descubre nuestra revista de prensa.\" \/>\n<meta name=\"robots\" content=\"index, follow, max-snippet:-1, max-image-preview:large, max-video-preview:-1\" \/>\n<link rel=\"canonical\" href=\"https:\/\/www.hotel-laperouse.fr\/es\/revista-de-prensa\/\" \/>\n<meta property=\"og:locale\" content=\"es_ES\" \/>\n<meta property=\"og:type\" content=\"article\" \/>\n<meta property=\"og:title\" content=\"Revista de prensa - Hotel Nantes La P\u00e9rouse - Hotel de 4 estrellas ubicado en el centro de Nantes\" \/>\n<meta property=\"og:description\" content=\"Hablan de nuestro excepcional hotel de 4 estrellas en el centro de Nantes: el hotel La P\u00e9rouse Nantes. Descubre nuestra revista de prensa.\" \/>\n<meta property=\"og:url\" content=\"https:\/\/www.hotel-laperouse.fr\/es\/revista-de-prensa\/\" \/>\n<meta property=\"og:site_name\" content=\"La P\u00e9rouse Hotel\" \/>\n<meta property=\"article:modified_time\" content=\"2022-05-16T13:55:55+00:00\" \/>\n<meta name=\"twitter:card\" content=\"summary_large_image\" \/>\n<meta name=\"twitter:label1\" content=\"Tiempo de lectura\" \/>\n\t<meta name=\"twitter:data1\" content=\"1 minuto\" \/>\n<script type=\"application\/ld+json\" class=\"yoast-schema-graph\">{\"@context\":\"https:\/\/schema.org\",\"@graph\":[{\"@type\":\"WebPage\",\"@id\":\"https:\/\/www.hotel-laperouse.fr\/es\/revista-de-prensa\/\",\"url\":\"https:\/\/www.hotel-laperouse.fr\/es\/revista-de-prensa\/\",\"name\":\"Revista de prensa - Hotel Nantes La P\u00e9rouse - Hotel de 4 estrellas ubicado en el centro de Nantes\",\"isPartOf\":{\"@id\":\"https:\/\/www.hotel-laperouse.fr\/es\/#website\"},\"datePublished\":\"2022-02-21T11:08:16+00:00\",\"dateModified\":\"2022-05-16T13:55:55+00:00\",\"description\":\"Hablan de nuestro excepcional hotel de 4 estrellas en el centro de Nantes: el hotel La P\u00e9rouse Nantes. Descubre nuestra revista de prensa.\",\"breadcrumb\":{\"@id\":\"https:\/\/www.hotel-laperouse.fr\/es\/revista-de-prensa\/#breadcrumb\"},\"inLanguage\":\"es\",\"potentialAction\":[{\"@type\":\"ReadAction\",\"target\":[\"https:\/\/www.hotel-laperouse.fr\/es\/revista-de-prensa\/\"]}]},{\"@type\":\"BreadcrumbList\",\"@id\":\"https:\/\/www.hotel-laperouse.fr\/es\/revista-de-prensa\/#breadcrumb\",\"itemListElement\":[{\"@type\":\"ListItem\",\"position\":1,\"name\":\"Home\",\"item\":\"https:\/\/www.hotel-laperouse.fr\/es\/\"},{\"@type\":\"ListItem\",\"position\":2,\"name\":\"Revista de prensa\"}]},{\"@type\":\"WebSite\",\"@id\":\"https:\/\/www.hotel-laperouse.fr\/es\/#website\",\"url\":\"https:\/\/www.hotel-laperouse.fr\/es\/\",\"name\":\"La P\u00e9rouse Hotel\",\"description\":\"\",\"potentialAction\":[{\"@type\":\"SearchAction\",\"target\":{\"@type\":\"EntryPoint\",\"urlTemplate\":\"https:\/\/www.hotel-laperouse.fr\/es\/?s={search_term_string}\"},\"query-input\":{\"@type\":\"PropertyValueSpecification\",\"valueRequired\":true,\"valueName\":\"search_term_string\"}}],\"inLanguage\":\"es\"}]}<\/script>\n<!-- \/ Yoast SEO plugin. -->","yoast_head_json":{"title":"Revista de prensa - Hotel Nantes La P\u00e9rouse - Hotel de 4 estrellas ubicado en el centro de Nantes","description":"Hablan de nuestro excepcional hotel de 4 estrellas en el centro de Nantes: el hotel La P\u00e9rouse Nantes. Descubre nuestra revista de prensa.","robots":{"index":"index","follow":"follow","max-snippet":"max-snippet:-1","max-image-preview":"max-image-preview:large","max-video-preview":"max-video-preview:-1"},"canonical":"https:\/\/www.hotel-laperouse.fr\/es\/revista-de-prensa\/","og_locale":"es_ES","og_type":"article","og_title":"Revista de prensa - Hotel Nantes La P\u00e9rouse - Hotel de 4 estrellas ubicado en el centro de Nantes","og_description":"Hablan de nuestro excepcional hotel de 4 estrellas en el centro de Nantes: el hotel La P\u00e9rouse Nantes. Descubre nuestra revista de prensa.","og_url":"https:\/\/www.hotel-laperouse.fr\/es\/revista-de-prensa\/","og_site_name":"La P\u00e9rouse Hotel","article_modified_time":"2022-05-16T13:55:55+00:00","twitter_card":"summary_large_image","twitter_misc":{"Tiempo de lectura":"1 minuto"},"schema":{"@context":"https:\/\/schema.org","@graph":[{"@type":"WebPage","@id":"https:\/\/www.hotel-laperouse.fr\/es\/revista-de-prensa\/","url":"https:\/\/www.hotel-laperouse.fr\/es\/revista-de-prensa\/","name":"Revista de prensa - Hotel Nantes La P\u00e9rouse - Hotel de 4 estrellas ubicado en el centro de Nantes","isPartOf":{"@id":"https:\/\/www.hotel-laperouse.fr\/es\/#website"},"datePublished":"2022-02-21T11:08:16+00:00","dateModified":"2022-05-16T13:55:55+00:00","description":"Hablan de nuestro excepcional hotel de 4 estrellas en el centro de Nantes: el hotel La P\u00e9rouse Nantes. Descubre nuestra revista de prensa.","breadcrumb":{"@id":"https:\/\/www.hotel-laperouse.fr\/es\/revista-de-prensa\/#breadcrumb"},"inLanguage":"es","potentialAction":[{"@type":"ReadAction","target":["https:\/\/www.hotel-laperouse.fr\/es\/revista-de-prensa\/"]}]},{"@type":"BreadcrumbList","@id":"https:\/\/www.hotel-laperouse.fr\/es\/revista-de-prensa\/#breadcrumb","itemListElement":[{"@type":"ListItem","position":1,"name":"Home","item":"https:\/\/www.hotel-laperouse.fr\/es\/"},{"@type":"ListItem","position":2,"name":"Revista de prensa"}]},{"@type":"WebSite","@id":"https:\/\/www.hotel-laperouse.fr\/es\/#website","url":"https:\/\/www.hotel-laperouse.fr\/es\/","name":"La P\u00e9rouse Hotel","description":"","potentialAction":[{"@type":"SearchAction","target":{"@type":"EntryPoint","urlTemplate":"https:\/\/www.hotel-laperouse.fr\/es\/?s={search_term_string}"},"query-input":{"@type":"PropertyValueSpecification","valueRequired":true,"valueName":"search_term_string"}}],"inLanguage":"es"}]}},"acf":[],"_links":{"self":[{"href":"https:\/\/www.hotel-laperouse.fr\/es\/wp-json\/wp\/v2\/pages\/572","targetHints":{"allow":["GET"]}}],"collection":[{"href":"https:\/\/www.hotel-laperouse.fr\/es\/wp-json\/wp\/v2\/pages"}],"about":[{"href":"https:\/\/www.hotel-laperouse.fr\/es\/wp-json\/wp\/v2\/types\/page"}],"author":[{"embeddable":true,"href":"https:\/\/www.hotel-laperouse.fr\/es\/wp-json\/wp\/v2\/users\/46"}],"replies":[{"embeddable":true,"href":"https:\/\/www.hotel-laperouse.fr\/es\/wp-json\/wp\/v2\/comments?post=572"}],"version-history":[{"count":0,"href":"https:\/\/www.hotel-laperouse.fr\/es\/wp-json\/wp\/v2\/pages\/572\/revisions"}],"wp:attachment":[{"href":"https:\/\/www.hotel-laperouse.fr\/es\/wp-json\/wp\/v2\/media?parent=572"}],"curies":[{"name":"wp","href":"https:\/\/api.w.org\/{rel}","templated":true}]}}