{"id":566,"date":"2022-02-28T11:19:34","date_gmt":"2022-02-28T11:19:34","guid":{"rendered":"https:\/\/perouse.ms.decms.eu\/socios\/restaurant-le-bouchon\/"},"modified":"2022-05-16T10:43:16","modified_gmt":"2022-05-16T10:43:16","slug":"restaurante-le-bouchon","status":"publish","type":"page","link":"https:\/\/www.hotel-laperouse.fr\/es\/noticias\/restaurante-le-bouchon\/","title":{"rendered":"Restaurante Le Bouchon"},"content":{"rendered":"<p style=\"text-align: center;\"><span style=\"font-weight: 400;\">Compuesto por un equipo joven y entusiasta que ha adquirido experiencia en los cuatro rincones del mundo, Le Bouchon ofrece una cocina a su imagen: inventiva, din\u00e1mica y mixta. Se presta especial atenci\u00f3n a la selecci\u00f3n de productos y la elecci\u00f3n de proveedores. Es una cocina llamada \u00abde mercado\u00bb y en constante renovaci\u00f3n.<\/span><br \/>\n<span style=\"font-weight: 400;\">120m del hotel.<\/span><\/p>\n<p style=\"text-align: center;\">Para saber m\u00e1s : <a href=\"https:\/\/www.le-bouchon-nantes.com\/\" target=\"_blank\" rel=\"noopener\">https:\/\/www.le-bouchon-nantes.com\/<\/a><\/p>\n","protected":false},"excerpt":{"rendered":"<p>Compuesto por un equipo joven y entusiasta que ha adquirido experiencia en los cuatro rincones del mundo, Le Bouchon ofrece una cocina a su imagen: inventiva, din\u00e1mica y mixta. Se presta especial atenci\u00f3n a la selecci\u00f3n de productos y la elecci\u00f3n de proveedores. Es una cocina llamada \u00abde mercado\u00bb y en constante renovaci\u00f3n. 120m del [&hellip;]<\/p>\n","protected":false},"author":46,"featured_media":0,"parent":558,"menu_order":490,"comment_status":"closed","ping_status":"closed","template":"template-default-2.php","meta":{"footnotes":""},"class_list":["post-566","page","type-page","status-publish","hentry"],"yoast_head":"<!-- This site is optimized with the Yoast SEO plugin v26.9 - https:\/\/yoast.com\/product\/yoast-seo-wordpress\/ -->\n<title>Restaurante Le Bouchon - La P\u00e9rouse Hotel<\/title>\n<meta name=\"description\" content=\"Compuesto por un equipo joven y entusiasta que ha adquirido experiencia en los cuatro rincones del mundo, Le Bouchon ofrece una cocina a su imagen:\" \/>\n<meta name=\"robots\" content=\"index, follow, max-snippet:-1, max-image-preview:large, max-video-preview:-1\" \/>\n<link rel=\"canonical\" href=\"https:\/\/www.hotel-laperouse.fr\/es\/noticias\/restaurante-le-bouchon\/\" \/>\n<meta property=\"og:locale\" content=\"es_ES\" \/>\n<meta property=\"og:type\" content=\"article\" \/>\n<meta property=\"og:title\" content=\"Restaurante Le Bouchon - La P\u00e9rouse Hotel\" \/>\n<meta property=\"og:description\" content=\"Compuesto por un equipo joven y entusiasta que ha adquirido experiencia en los cuatro rincones del mundo, Le Bouchon ofrece una cocina a su imagen:\" \/>\n<meta property=\"og:url\" content=\"https:\/\/www.hotel-laperouse.fr\/es\/noticias\/restaurante-le-bouchon\/\" \/>\n<meta property=\"og:site_name\" content=\"La P\u00e9rouse Hotel\" \/>\n<meta property=\"article:modified_time\" content=\"2022-05-16T10:43:16+00:00\" \/>\n<meta name=\"twitter:card\" content=\"summary_large_image\" \/>\n<meta name=\"twitter:label1\" content=\"Tiempo de lectura\" \/>\n\t<meta name=\"twitter:data1\" content=\"1 minuto\" \/>\n<script type=\"application\/ld+json\" class=\"yoast-schema-graph\">{\"@context\":\"https:\/\/schema.org\",\"@graph\":[{\"@type\":\"WebPage\",\"@id\":\"https:\/\/www.hotel-laperouse.fr\/es\/noticias\/restaurante-le-bouchon\/\",\"url\":\"https:\/\/www.hotel-laperouse.fr\/es\/noticias\/restaurante-le-bouchon\/\",\"name\":\"Restaurante Le Bouchon - La P\u00e9rouse Hotel\",\"isPartOf\":{\"@id\":\"https:\/\/www.hotel-laperouse.fr\/es\/#website\"},\"datePublished\":\"2022-02-28T11:19:34+00:00\",\"dateModified\":\"2022-05-16T10:43:16+00:00\",\"description\":\"Compuesto por un equipo joven y entusiasta que ha adquirido experiencia en los cuatro rincones del mundo, Le Bouchon ofrece una cocina a su imagen:\",\"breadcrumb\":{\"@id\":\"https:\/\/www.hotel-laperouse.fr\/es\/noticias\/restaurante-le-bouchon\/#breadcrumb\"},\"inLanguage\":\"es\",\"potentialAction\":[{\"@type\":\"ReadAction\",\"target\":[\"https:\/\/www.hotel-laperouse.fr\/es\/noticias\/restaurante-le-bouchon\/\"]}]},{\"@type\":\"BreadcrumbList\",\"@id\":\"https:\/\/www.hotel-laperouse.fr\/es\/noticias\/restaurante-le-bouchon\/#breadcrumb\",\"itemListElement\":[{\"@type\":\"ListItem\",\"position\":1,\"name\":\"Home\",\"item\":\"https:\/\/www.hotel-laperouse.fr\/es\/\"},{\"@type\":\"ListItem\",\"position\":2,\"name\":\"Noticias\",\"item\":\"https:\/\/www.hotel-laperouse.fr\/es\/noticias\/\"},{\"@type\":\"ListItem\",\"position\":3,\"name\":\"Restaurante Le Bouchon\"}]},{\"@type\":\"WebSite\",\"@id\":\"https:\/\/www.hotel-laperouse.fr\/es\/#website\",\"url\":\"https:\/\/www.hotel-laperouse.fr\/es\/\",\"name\":\"La P\u00e9rouse Hotel\",\"description\":\"\",\"potentialAction\":[{\"@type\":\"SearchAction\",\"target\":{\"@type\":\"EntryPoint\",\"urlTemplate\":\"https:\/\/www.hotel-laperouse.fr\/es\/?s={search_term_string}\"},\"query-input\":{\"@type\":\"PropertyValueSpecification\",\"valueRequired\":true,\"valueName\":\"search_term_string\"}}],\"inLanguage\":\"es\"}]}<\/script>\n<!-- \/ Yoast SEO plugin. -->","yoast_head_json":{"title":"Restaurante Le Bouchon - La P\u00e9rouse Hotel","description":"Compuesto por un equipo joven y entusiasta que ha adquirido experiencia en los cuatro rincones del mundo, Le Bouchon ofrece una cocina a su imagen:","robots":{"index":"index","follow":"follow","max-snippet":"max-snippet:-1","max-image-preview":"max-image-preview:large","max-video-preview":"max-video-preview:-1"},"canonical":"https:\/\/www.hotel-laperouse.fr\/es\/noticias\/restaurante-le-bouchon\/","og_locale":"es_ES","og_type":"article","og_title":"Restaurante Le Bouchon - La P\u00e9rouse Hotel","og_description":"Compuesto por un equipo joven y entusiasta que ha adquirido experiencia en los cuatro rincones del mundo, Le Bouchon ofrece una cocina a su imagen:","og_url":"https:\/\/www.hotel-laperouse.fr\/es\/noticias\/restaurante-le-bouchon\/","og_site_name":"La P\u00e9rouse Hotel","article_modified_time":"2022-05-16T10:43:16+00:00","twitter_card":"summary_large_image","twitter_misc":{"Tiempo de lectura":"1 minuto"},"schema":{"@context":"https:\/\/schema.org","@graph":[{"@type":"WebPage","@id":"https:\/\/www.hotel-laperouse.fr\/es\/noticias\/restaurante-le-bouchon\/","url":"https:\/\/www.hotel-laperouse.fr\/es\/noticias\/restaurante-le-bouchon\/","name":"Restaurante Le Bouchon - La P\u00e9rouse Hotel","isPartOf":{"@id":"https:\/\/www.hotel-laperouse.fr\/es\/#website"},"datePublished":"2022-02-28T11:19:34+00:00","dateModified":"2022-05-16T10:43:16+00:00","description":"Compuesto por un equipo joven y entusiasta que ha adquirido experiencia en los cuatro rincones del mundo, Le Bouchon ofrece una cocina a su imagen:","breadcrumb":{"@id":"https:\/\/www.hotel-laperouse.fr\/es\/noticias\/restaurante-le-bouchon\/#breadcrumb"},"inLanguage":"es","potentialAction":[{"@type":"ReadAction","target":["https:\/\/www.hotel-laperouse.fr\/es\/noticias\/restaurante-le-bouchon\/"]}]},{"@type":"BreadcrumbList","@id":"https:\/\/www.hotel-laperouse.fr\/es\/noticias\/restaurante-le-bouchon\/#breadcrumb","itemListElement":[{"@type":"ListItem","position":1,"name":"Home","item":"https:\/\/www.hotel-laperouse.fr\/es\/"},{"@type":"ListItem","position":2,"name":"Noticias","item":"https:\/\/www.hotel-laperouse.fr\/es\/noticias\/"},{"@type":"ListItem","position":3,"name":"Restaurante Le Bouchon"}]},{"@type":"WebSite","@id":"https:\/\/www.hotel-laperouse.fr\/es\/#website","url":"https:\/\/www.hotel-laperouse.fr\/es\/","name":"La P\u00e9rouse Hotel","description":"","potentialAction":[{"@type":"SearchAction","target":{"@type":"EntryPoint","urlTemplate":"https:\/\/www.hotel-laperouse.fr\/es\/?s={search_term_string}"},"query-input":{"@type":"PropertyValueSpecification","valueRequired":true,"valueName":"search_term_string"}}],"inLanguage":"es"}]}},"acf":[],"_links":{"self":[{"href":"https:\/\/www.hotel-laperouse.fr\/es\/wp-json\/wp\/v2\/pages\/566","targetHints":{"allow":["GET"]}}],"collection":[{"href":"https:\/\/www.hotel-laperouse.fr\/es\/wp-json\/wp\/v2\/pages"}],"about":[{"href":"https:\/\/www.hotel-laperouse.fr\/es\/wp-json\/wp\/v2\/types\/page"}],"author":[{"embeddable":true,"href":"https:\/\/www.hotel-laperouse.fr\/es\/wp-json\/wp\/v2\/users\/46"}],"replies":[{"embeddable":true,"href":"https:\/\/www.hotel-laperouse.fr\/es\/wp-json\/wp\/v2\/comments?post=566"}],"version-history":[{"count":0,"href":"https:\/\/www.hotel-laperouse.fr\/es\/wp-json\/wp\/v2\/pages\/566\/revisions"}],"up":[{"embeddable":true,"href":"https:\/\/www.hotel-laperouse.fr\/es\/wp-json\/wp\/v2\/pages\/558"}],"wp:attachment":[{"href":"https:\/\/www.hotel-laperouse.fr\/es\/wp-json\/wp\/v2\/media?parent=566"}],"curies":[{"name":"wp","href":"https:\/\/api.w.org\/{rel}","templated":true}]}}