{"id":563,"date":"2022-02-28T11:17:43","date_gmt":"2022-02-28T11:17:43","guid":{"rendered":"https:\/\/perouse.ms.decms.eu\/socios\/le-voyage-a-nantes\/"},"modified":"2022-05-16T10:03:24","modified_gmt":"2022-05-16T10:03:24","slug":"le-voyage-a-nantes","status":"publish","type":"page","link":"https:\/\/www.hotel-laperouse.fr\/es\/noticias\/le-voyage-a-nantes\/","title":{"rendered":"Le Voyage \u00e0 Nantes"},"content":{"rendered":"<p style=\"text-align: center;\"><span style=\"font-weight: 400;\">Siga la l\u00ednea verde, dibujada en el suelo, para ser conducido a lo largo de este \u00abMonumento Disperso\u00bb que es la experiencia tur\u00edstica y art\u00edstica de Nantes. Esenciales perennes y sorpresas incongruentes, planteadas all\u00ed por artistas de todo el mundo.<\/span><\/p>\n<p style=\"text-align: center;\"><span style=\"font-weight: 400;\">Desde 2011, Nantes se ha ba\u00f1ado en una cultura contempor\u00e1nea salvadora, \u00a1el arte te rodea!<\/span><\/p>\n<p id=\"tw-target-text\" class=\"tw-data-text tw-text-large tw-ta\" dir=\"ltr\" style=\"text-align: center;\" data-placeholder=\"Translation\"><span class=\"Y2IQFc\" lang=\"en\">Para saber m\u00e1s : <\/span><a href=\"https:\/\/www.levoyageanantes.fr\/\" target=\"_blank\" rel=\"noopener\">https:\/\/www.levoyageanantes.fr\/<\/a><\/p>\n","protected":false},"excerpt":{"rendered":"<p>Siga la l\u00ednea verde, dibujada en el suelo, para ser conducido a lo largo de este \u00abMonumento Disperso\u00bb que es la experiencia tur\u00edstica y art\u00edstica de Nantes. Esenciales perennes y sorpresas incongruentes, planteadas all\u00ed por artistas de todo el mundo. Desde 2011, Nantes se ha ba\u00f1ado en una cultura contempor\u00e1nea salvadora, \u00a1el arte te rodea! [&hellip;]<\/p>\n","protected":false},"author":46,"featured_media":0,"parent":558,"menu_order":450,"comment_status":"closed","ping_status":"closed","template":"template-default-2.php","meta":{"footnotes":""},"class_list":["post-563","page","type-page","status-publish","hentry"],"yoast_head":"<!-- This site is optimized with the Yoast SEO plugin v26.9 - https:\/\/yoast.com\/product\/yoast-seo-wordpress\/ -->\n<title>Le Voyage \u00e0 Nantes - La P\u00e9rouse Hotel<\/title>\n<meta name=\"description\" content=\"Siga la l\u00ednea verde, dibujada en el suelo, para ser conducido a lo largo de este &quot;Monumento Disperso&quot; que es la experiencia tur\u00edstica y art\u00edstica de\" \/>\n<meta name=\"robots\" content=\"index, follow, max-snippet:-1, max-image-preview:large, max-video-preview:-1\" \/>\n<link rel=\"canonical\" href=\"https:\/\/www.hotel-laperouse.fr\/es\/noticias\/le-voyage-a-nantes\/\" \/>\n<meta property=\"og:locale\" content=\"es_ES\" \/>\n<meta property=\"og:type\" content=\"article\" \/>\n<meta property=\"og:title\" content=\"Le Voyage \u00e0 Nantes - La P\u00e9rouse Hotel\" \/>\n<meta property=\"og:description\" content=\"Siga la l\u00ednea verde, dibujada en el suelo, para ser conducido a lo largo de este &quot;Monumento Disperso&quot; que es la experiencia tur\u00edstica y art\u00edstica de\" \/>\n<meta property=\"og:url\" content=\"https:\/\/www.hotel-laperouse.fr\/es\/noticias\/le-voyage-a-nantes\/\" \/>\n<meta property=\"og:site_name\" content=\"La P\u00e9rouse Hotel\" \/>\n<meta property=\"article:modified_time\" content=\"2022-05-16T10:03:24+00:00\" \/>\n<meta name=\"twitter:card\" content=\"summary_large_image\" \/>\n<meta name=\"twitter:label1\" content=\"Tiempo de lectura\" \/>\n\t<meta name=\"twitter:data1\" content=\"1 minuto\" \/>\n<script type=\"application\/ld+json\" class=\"yoast-schema-graph\">{\"@context\":\"https:\/\/schema.org\",\"@graph\":[{\"@type\":\"WebPage\",\"@id\":\"https:\/\/www.hotel-laperouse.fr\/es\/noticias\/le-voyage-a-nantes\/\",\"url\":\"https:\/\/www.hotel-laperouse.fr\/es\/noticias\/le-voyage-a-nantes\/\",\"name\":\"Le Voyage \u00e0 Nantes - La P\u00e9rouse Hotel\",\"isPartOf\":{\"@id\":\"https:\/\/www.hotel-laperouse.fr\/es\/#website\"},\"datePublished\":\"2022-02-28T11:17:43+00:00\",\"dateModified\":\"2022-05-16T10:03:24+00:00\",\"description\":\"Siga la l\u00ednea verde, dibujada en el suelo, para ser conducido a lo largo de este \\\"Monumento Disperso\\\" que es la experiencia tur\u00edstica y art\u00edstica de\",\"breadcrumb\":{\"@id\":\"https:\/\/www.hotel-laperouse.fr\/es\/noticias\/le-voyage-a-nantes\/#breadcrumb\"},\"inLanguage\":\"es\",\"potentialAction\":[{\"@type\":\"ReadAction\",\"target\":[\"https:\/\/www.hotel-laperouse.fr\/es\/noticias\/le-voyage-a-nantes\/\"]}]},{\"@type\":\"BreadcrumbList\",\"@id\":\"https:\/\/www.hotel-laperouse.fr\/es\/noticias\/le-voyage-a-nantes\/#breadcrumb\",\"itemListElement\":[{\"@type\":\"ListItem\",\"position\":1,\"name\":\"Home\",\"item\":\"https:\/\/www.hotel-laperouse.fr\/es\/\"},{\"@type\":\"ListItem\",\"position\":2,\"name\":\"Noticias\",\"item\":\"https:\/\/www.hotel-laperouse.fr\/es\/noticias\/\"},{\"@type\":\"ListItem\",\"position\":3,\"name\":\"Le Voyage \u00e0 Nantes\"}]},{\"@type\":\"WebSite\",\"@id\":\"https:\/\/www.hotel-laperouse.fr\/es\/#website\",\"url\":\"https:\/\/www.hotel-laperouse.fr\/es\/\",\"name\":\"La P\u00e9rouse Hotel\",\"description\":\"\",\"potentialAction\":[{\"@type\":\"SearchAction\",\"target\":{\"@type\":\"EntryPoint\",\"urlTemplate\":\"https:\/\/www.hotel-laperouse.fr\/es\/?s={search_term_string}\"},\"query-input\":{\"@type\":\"PropertyValueSpecification\",\"valueRequired\":true,\"valueName\":\"search_term_string\"}}],\"inLanguage\":\"es\"}]}<\/script>\n<!-- \/ Yoast SEO plugin. -->","yoast_head_json":{"title":"Le Voyage \u00e0 Nantes - La P\u00e9rouse Hotel","description":"Siga la l\u00ednea verde, dibujada en el suelo, para ser conducido a lo largo de este \"Monumento Disperso\" que es la experiencia tur\u00edstica y art\u00edstica de","robots":{"index":"index","follow":"follow","max-snippet":"max-snippet:-1","max-image-preview":"max-image-preview:large","max-video-preview":"max-video-preview:-1"},"canonical":"https:\/\/www.hotel-laperouse.fr\/es\/noticias\/le-voyage-a-nantes\/","og_locale":"es_ES","og_type":"article","og_title":"Le Voyage \u00e0 Nantes - La P\u00e9rouse Hotel","og_description":"Siga la l\u00ednea verde, dibujada en el suelo, para ser conducido a lo largo de este \"Monumento Disperso\" que es la experiencia tur\u00edstica y art\u00edstica de","og_url":"https:\/\/www.hotel-laperouse.fr\/es\/noticias\/le-voyage-a-nantes\/","og_site_name":"La P\u00e9rouse Hotel","article_modified_time":"2022-05-16T10:03:24+00:00","twitter_card":"summary_large_image","twitter_misc":{"Tiempo de lectura":"1 minuto"},"schema":{"@context":"https:\/\/schema.org","@graph":[{"@type":"WebPage","@id":"https:\/\/www.hotel-laperouse.fr\/es\/noticias\/le-voyage-a-nantes\/","url":"https:\/\/www.hotel-laperouse.fr\/es\/noticias\/le-voyage-a-nantes\/","name":"Le Voyage \u00e0 Nantes - La P\u00e9rouse Hotel","isPartOf":{"@id":"https:\/\/www.hotel-laperouse.fr\/es\/#website"},"datePublished":"2022-02-28T11:17:43+00:00","dateModified":"2022-05-16T10:03:24+00:00","description":"Siga la l\u00ednea verde, dibujada en el suelo, para ser conducido a lo largo de este \"Monumento Disperso\" que es la experiencia tur\u00edstica y art\u00edstica de","breadcrumb":{"@id":"https:\/\/www.hotel-laperouse.fr\/es\/noticias\/le-voyage-a-nantes\/#breadcrumb"},"inLanguage":"es","potentialAction":[{"@type":"ReadAction","target":["https:\/\/www.hotel-laperouse.fr\/es\/noticias\/le-voyage-a-nantes\/"]}]},{"@type":"BreadcrumbList","@id":"https:\/\/www.hotel-laperouse.fr\/es\/noticias\/le-voyage-a-nantes\/#breadcrumb","itemListElement":[{"@type":"ListItem","position":1,"name":"Home","item":"https:\/\/www.hotel-laperouse.fr\/es\/"},{"@type":"ListItem","position":2,"name":"Noticias","item":"https:\/\/www.hotel-laperouse.fr\/es\/noticias\/"},{"@type":"ListItem","position":3,"name":"Le Voyage \u00e0 Nantes"}]},{"@type":"WebSite","@id":"https:\/\/www.hotel-laperouse.fr\/es\/#website","url":"https:\/\/www.hotel-laperouse.fr\/es\/","name":"La P\u00e9rouse Hotel","description":"","potentialAction":[{"@type":"SearchAction","target":{"@type":"EntryPoint","urlTemplate":"https:\/\/www.hotel-laperouse.fr\/es\/?s={search_term_string}"},"query-input":{"@type":"PropertyValueSpecification","valueRequired":true,"valueName":"search_term_string"}}],"inLanguage":"es"}]}},"acf":[],"_links":{"self":[{"href":"https:\/\/www.hotel-laperouse.fr\/es\/wp-json\/wp\/v2\/pages\/563","targetHints":{"allow":["GET"]}}],"collection":[{"href":"https:\/\/www.hotel-laperouse.fr\/es\/wp-json\/wp\/v2\/pages"}],"about":[{"href":"https:\/\/www.hotel-laperouse.fr\/es\/wp-json\/wp\/v2\/types\/page"}],"author":[{"embeddable":true,"href":"https:\/\/www.hotel-laperouse.fr\/es\/wp-json\/wp\/v2\/users\/46"}],"replies":[{"embeddable":true,"href":"https:\/\/www.hotel-laperouse.fr\/es\/wp-json\/wp\/v2\/comments?post=563"}],"version-history":[{"count":0,"href":"https:\/\/www.hotel-laperouse.fr\/es\/wp-json\/wp\/v2\/pages\/563\/revisions"}],"up":[{"embeddable":true,"href":"https:\/\/www.hotel-laperouse.fr\/es\/wp-json\/wp\/v2\/pages\/558"}],"wp:attachment":[{"href":"https:\/\/www.hotel-laperouse.fr\/es\/wp-json\/wp\/v2\/media?parent=563"}],"curies":[{"name":"wp","href":"https:\/\/api.w.org\/{rel}","templated":true}]}}