{"id":561,"date":"2022-02-21T11:04:01","date_gmt":"2022-02-21T11:04:01","guid":{"rendered":"https:\/\/perouse.ms.decms.eu\/socios\/saveurs-detonnantes\/"},"modified":"2022-05-16T13:13:42","modified_gmt":"2022-05-16T13:13:42","slug":"saveurs-detonnantes","status":"publish","type":"page","link":"https:\/\/www.hotel-laperouse.fr\/es\/noticias\/saveurs-detonnantes\/","title":{"rendered":"Saveurs D\u00e9tonnantes"},"content":{"rendered":"<p style=\"text-align: center;\"><span style=\"font-weight: 400;\">Descubre aqu\u00ed un colectivo de artesanos, productores, restauradores, todos comprometidos con promover la riqueza culinaria de nuestro territorio. Todos han firmado una carta de compromiso de calidad para garantizar, en particular, el origen local de los productos.<\/span><\/p>\n<p style=\"text-align: center;\"><span style=\"font-weight: 400;\">Se acompa\u00f1a de D\u00e9tonnantes Flavours que hemos trabajado, en particular para nuestro desayuno.<\/span><\/p>\n<p style=\"text-align: center;\"><span style=\"font-weight: 400;\">Para saber m\u00e1s : <\/span><a href=\"https:\/\/saveurs-detonnantes.fr\/\" target=\"_blank\" rel=\"noopener\">https:\/\/saveurs-detonnantes.fr\/<\/a><\/p>\n","protected":false},"excerpt":{"rendered":"<p>Descubre aqu\u00ed un colectivo de artesanos, productores, restauradores, todos comprometidos con promover la riqueza culinaria de nuestro territorio. Todos han firmado una carta de compromiso de calidad para garantizar, en particular, el origen local de los productos. Se acompa\u00f1a de D\u00e9tonnantes Flavours que hemos trabajado, en particular para nuestro desayuno. Para saber m\u00e1s : https:\/\/saveurs-detonnantes.fr\/<\/p>\n","protected":false},"author":46,"featured_media":0,"parent":558,"menu_order":430,"comment_status":"closed","ping_status":"closed","template":"template-default-2.php","meta":{"footnotes":""},"class_list":["post-561","page","type-page","status-publish","hentry"],"yoast_head":"<!-- This site is optimized with the Yoast SEO plugin v26.9 - https:\/\/yoast.com\/product\/yoast-seo-wordpress\/ -->\n<title>Saveurs D\u00e9tonnantes - La P\u00e9rouse Hotel<\/title>\n<meta name=\"description\" content=\"Descubre aqu\u00ed un colectivo de artesanos, productores, restauradores, todos comprometidos con promover la riqueza culinaria de nuestro territorio. Todos\" \/>\n<meta name=\"robots\" content=\"index, follow, max-snippet:-1, max-image-preview:large, max-video-preview:-1\" \/>\n<link rel=\"canonical\" href=\"https:\/\/www.hotel-laperouse.fr\/es\/noticias\/saveurs-detonnantes\/\" \/>\n<meta property=\"og:locale\" content=\"es_ES\" \/>\n<meta property=\"og:type\" content=\"article\" \/>\n<meta property=\"og:title\" content=\"Saveurs D\u00e9tonnantes - La P\u00e9rouse Hotel\" \/>\n<meta property=\"og:description\" content=\"Descubre aqu\u00ed un colectivo de artesanos, productores, restauradores, todos comprometidos con promover la riqueza culinaria de nuestro territorio. Todos\" \/>\n<meta property=\"og:url\" content=\"https:\/\/www.hotel-laperouse.fr\/es\/noticias\/saveurs-detonnantes\/\" \/>\n<meta property=\"og:site_name\" content=\"La P\u00e9rouse Hotel\" \/>\n<meta property=\"article:modified_time\" content=\"2022-05-16T13:13:42+00:00\" \/>\n<meta name=\"twitter:card\" content=\"summary_large_image\" \/>\n<meta name=\"twitter:label1\" content=\"Tiempo de lectura\" \/>\n\t<meta name=\"twitter:data1\" content=\"1 minuto\" \/>\n<script type=\"application\/ld+json\" class=\"yoast-schema-graph\">{\"@context\":\"https:\/\/schema.org\",\"@graph\":[{\"@type\":\"WebPage\",\"@id\":\"https:\/\/www.hotel-laperouse.fr\/es\/noticias\/saveurs-detonnantes\/\",\"url\":\"https:\/\/www.hotel-laperouse.fr\/es\/noticias\/saveurs-detonnantes\/\",\"name\":\"Saveurs D\u00e9tonnantes - La P\u00e9rouse Hotel\",\"isPartOf\":{\"@id\":\"https:\/\/www.hotel-laperouse.fr\/es\/#website\"},\"datePublished\":\"2022-02-21T11:04:01+00:00\",\"dateModified\":\"2022-05-16T13:13:42+00:00\",\"description\":\"Descubre aqu\u00ed un colectivo de artesanos, productores, restauradores, todos comprometidos con promover la riqueza culinaria de nuestro territorio. Todos\",\"breadcrumb\":{\"@id\":\"https:\/\/www.hotel-laperouse.fr\/es\/noticias\/saveurs-detonnantes\/#breadcrumb\"},\"inLanguage\":\"es\",\"potentialAction\":[{\"@type\":\"ReadAction\",\"target\":[\"https:\/\/www.hotel-laperouse.fr\/es\/noticias\/saveurs-detonnantes\/\"]}]},{\"@type\":\"BreadcrumbList\",\"@id\":\"https:\/\/www.hotel-laperouse.fr\/es\/noticias\/saveurs-detonnantes\/#breadcrumb\",\"itemListElement\":[{\"@type\":\"ListItem\",\"position\":1,\"name\":\"Home\",\"item\":\"https:\/\/www.hotel-laperouse.fr\/es\/\"},{\"@type\":\"ListItem\",\"position\":2,\"name\":\"Noticias\",\"item\":\"https:\/\/www.hotel-laperouse.fr\/es\/noticias\/\"},{\"@type\":\"ListItem\",\"position\":3,\"name\":\"Saveurs D\u00e9tonnantes\"}]},{\"@type\":\"WebSite\",\"@id\":\"https:\/\/www.hotel-laperouse.fr\/es\/#website\",\"url\":\"https:\/\/www.hotel-laperouse.fr\/es\/\",\"name\":\"La P\u00e9rouse Hotel\",\"description\":\"\",\"potentialAction\":[{\"@type\":\"SearchAction\",\"target\":{\"@type\":\"EntryPoint\",\"urlTemplate\":\"https:\/\/www.hotel-laperouse.fr\/es\/?s={search_term_string}\"},\"query-input\":{\"@type\":\"PropertyValueSpecification\",\"valueRequired\":true,\"valueName\":\"search_term_string\"}}],\"inLanguage\":\"es\"}]}<\/script>\n<!-- \/ Yoast SEO plugin. -->","yoast_head_json":{"title":"Saveurs D\u00e9tonnantes - La P\u00e9rouse Hotel","description":"Descubre aqu\u00ed un colectivo de artesanos, productores, restauradores, todos comprometidos con promover la riqueza culinaria de nuestro territorio. Todos","robots":{"index":"index","follow":"follow","max-snippet":"max-snippet:-1","max-image-preview":"max-image-preview:large","max-video-preview":"max-video-preview:-1"},"canonical":"https:\/\/www.hotel-laperouse.fr\/es\/noticias\/saveurs-detonnantes\/","og_locale":"es_ES","og_type":"article","og_title":"Saveurs D\u00e9tonnantes - La P\u00e9rouse Hotel","og_description":"Descubre aqu\u00ed un colectivo de artesanos, productores, restauradores, todos comprometidos con promover la riqueza culinaria de nuestro territorio. Todos","og_url":"https:\/\/www.hotel-laperouse.fr\/es\/noticias\/saveurs-detonnantes\/","og_site_name":"La P\u00e9rouse Hotel","article_modified_time":"2022-05-16T13:13:42+00:00","twitter_card":"summary_large_image","twitter_misc":{"Tiempo de lectura":"1 minuto"},"schema":{"@context":"https:\/\/schema.org","@graph":[{"@type":"WebPage","@id":"https:\/\/www.hotel-laperouse.fr\/es\/noticias\/saveurs-detonnantes\/","url":"https:\/\/www.hotel-laperouse.fr\/es\/noticias\/saveurs-detonnantes\/","name":"Saveurs D\u00e9tonnantes - La P\u00e9rouse Hotel","isPartOf":{"@id":"https:\/\/www.hotel-laperouse.fr\/es\/#website"},"datePublished":"2022-02-21T11:04:01+00:00","dateModified":"2022-05-16T13:13:42+00:00","description":"Descubre aqu\u00ed un colectivo de artesanos, productores, restauradores, todos comprometidos con promover la riqueza culinaria de nuestro territorio. Todos","breadcrumb":{"@id":"https:\/\/www.hotel-laperouse.fr\/es\/noticias\/saveurs-detonnantes\/#breadcrumb"},"inLanguage":"es","potentialAction":[{"@type":"ReadAction","target":["https:\/\/www.hotel-laperouse.fr\/es\/noticias\/saveurs-detonnantes\/"]}]},{"@type":"BreadcrumbList","@id":"https:\/\/www.hotel-laperouse.fr\/es\/noticias\/saveurs-detonnantes\/#breadcrumb","itemListElement":[{"@type":"ListItem","position":1,"name":"Home","item":"https:\/\/www.hotel-laperouse.fr\/es\/"},{"@type":"ListItem","position":2,"name":"Noticias","item":"https:\/\/www.hotel-laperouse.fr\/es\/noticias\/"},{"@type":"ListItem","position":3,"name":"Saveurs D\u00e9tonnantes"}]},{"@type":"WebSite","@id":"https:\/\/www.hotel-laperouse.fr\/es\/#website","url":"https:\/\/www.hotel-laperouse.fr\/es\/","name":"La P\u00e9rouse Hotel","description":"","potentialAction":[{"@type":"SearchAction","target":{"@type":"EntryPoint","urlTemplate":"https:\/\/www.hotel-laperouse.fr\/es\/?s={search_term_string}"},"query-input":{"@type":"PropertyValueSpecification","valueRequired":true,"valueName":"search_term_string"}}],"inLanguage":"es"}]}},"acf":[],"_links":{"self":[{"href":"https:\/\/www.hotel-laperouse.fr\/es\/wp-json\/wp\/v2\/pages\/561","targetHints":{"allow":["GET"]}}],"collection":[{"href":"https:\/\/www.hotel-laperouse.fr\/es\/wp-json\/wp\/v2\/pages"}],"about":[{"href":"https:\/\/www.hotel-laperouse.fr\/es\/wp-json\/wp\/v2\/types\/page"}],"author":[{"embeddable":true,"href":"https:\/\/www.hotel-laperouse.fr\/es\/wp-json\/wp\/v2\/users\/46"}],"replies":[{"embeddable":true,"href":"https:\/\/www.hotel-laperouse.fr\/es\/wp-json\/wp\/v2\/comments?post=561"}],"version-history":[{"count":0,"href":"https:\/\/www.hotel-laperouse.fr\/es\/wp-json\/wp\/v2\/pages\/561\/revisions"}],"up":[{"embeddable":true,"href":"https:\/\/www.hotel-laperouse.fr\/es\/wp-json\/wp\/v2\/pages\/558"}],"wp:attachment":[{"href":"https:\/\/www.hotel-laperouse.fr\/es\/wp-json\/wp\/v2\/media?parent=561"}],"curies":[{"name":"wp","href":"https:\/\/api.w.org\/{rel}","templated":true}]}}