{"id":559,"date":"2022-02-28T11:14:47","date_gmt":"2022-02-28T11:14:47","guid":{"rendered":"https:\/\/perouse.ms.decms.eu\/socios\/yokow\/"},"modified":"2022-05-16T13:50:12","modified_gmt":"2022-05-16T13:50:12","slug":"yokow","status":"publish","type":"page","link":"https:\/\/www.hotel-laperouse.fr\/es\/noticias\/yokow\/","title":{"rendered":"Yokow"},"content":{"rendered":"<p style=\"text-align: center;\"><span style=\"font-weight: 400;\">Yokow es la marca que hemos elegido con alegr\u00eda en La P\u00e9rouse para la ropa de nuestro equipo. YOKOW Nantes, estos son jeans RAW con aclarados ecol\u00f3gicos.<br \/>\nEstos jeans no est\u00e1n te\u00f1idos ni arenados, la mezclilla se ama en su estado natural y sin la adici\u00f3n de qu\u00edmicos. Yokow lo mantiene intacto, aut\u00e9ntico. Como los que lo llevan.<br \/>\n<\/span><\/p>\n<p style=\"text-align: center;\">Para saber m\u00e1s : <a href=\"https:\/\/www.yokow-nantes.fr\/\" target=\"_blank\" rel=\"noopener\">https:\/\/www.yokow-nantes.fr\/<\/a><\/p>\n","protected":false},"excerpt":{"rendered":"<p>Yokow es la marca que hemos elegido con alegr\u00eda en La P\u00e9rouse para la ropa de nuestro equipo. YOKOW Nantes, estos son jeans RAW con aclarados ecol\u00f3gicos. Estos jeans no est\u00e1n te\u00f1idos ni arenados, la mezclilla se ama en su estado natural y sin la adici\u00f3n de qu\u00edmicos. Yokow lo mantiene intacto, aut\u00e9ntico. Como los [&hellip;]<\/p>\n","protected":false},"author":46,"featured_media":0,"parent":558,"menu_order":410,"comment_status":"closed","ping_status":"closed","template":"template-default-2.php","meta":{"footnotes":""},"class_list":["post-559","page","type-page","status-publish","hentry"],"yoast_head":"<!-- This site is optimized with the Yoast SEO plugin v26.9 - https:\/\/yoast.com\/product\/yoast-seo-wordpress\/ -->\n<title>Yokow - La P\u00e9rouse Hotel<\/title>\n<meta name=\"description\" content=\"Yokow es la marca que hemos elegido con alegr\u00eda en La P\u00e9rouse para la ropa de nuestro equipo. YOKOW Nantes, estos son jeans RAW con aclarados ecol\u00f3gicos.\" \/>\n<meta name=\"robots\" content=\"index, follow, max-snippet:-1, max-image-preview:large, max-video-preview:-1\" \/>\n<link rel=\"canonical\" href=\"https:\/\/www.hotel-laperouse.fr\/es\/noticias\/yokow\/\" \/>\n<meta property=\"og:locale\" content=\"es_ES\" \/>\n<meta property=\"og:type\" content=\"article\" \/>\n<meta property=\"og:title\" content=\"Yokow - La P\u00e9rouse Hotel\" \/>\n<meta property=\"og:description\" content=\"Yokow es la marca que hemos elegido con alegr\u00eda en La P\u00e9rouse para la ropa de nuestro equipo. YOKOW Nantes, estos son jeans RAW con aclarados ecol\u00f3gicos.\" \/>\n<meta property=\"og:url\" content=\"https:\/\/www.hotel-laperouse.fr\/es\/noticias\/yokow\/\" \/>\n<meta property=\"og:site_name\" content=\"La P\u00e9rouse Hotel\" \/>\n<meta property=\"article:modified_time\" content=\"2022-05-16T13:50:12+00:00\" \/>\n<meta name=\"twitter:card\" content=\"summary_large_image\" \/>\n<meta name=\"twitter:label1\" content=\"Tiempo de lectura\" \/>\n\t<meta name=\"twitter:data1\" content=\"1 minuto\" \/>\n<script type=\"application\/ld+json\" class=\"yoast-schema-graph\">{\"@context\":\"https:\/\/schema.org\",\"@graph\":[{\"@type\":\"WebPage\",\"@id\":\"https:\/\/www.hotel-laperouse.fr\/es\/noticias\/yokow\/\",\"url\":\"https:\/\/www.hotel-laperouse.fr\/es\/noticias\/yokow\/\",\"name\":\"Yokow - La P\u00e9rouse Hotel\",\"isPartOf\":{\"@id\":\"https:\/\/www.hotel-laperouse.fr\/es\/#website\"},\"datePublished\":\"2022-02-28T11:14:47+00:00\",\"dateModified\":\"2022-05-16T13:50:12+00:00\",\"description\":\"Yokow es la marca que hemos elegido con alegr\u00eda en La P\u00e9rouse para la ropa de nuestro equipo. YOKOW Nantes, estos son jeans RAW con aclarados ecol\u00f3gicos.\",\"breadcrumb\":{\"@id\":\"https:\/\/www.hotel-laperouse.fr\/es\/noticias\/yokow\/#breadcrumb\"},\"inLanguage\":\"es\",\"potentialAction\":[{\"@type\":\"ReadAction\",\"target\":[\"https:\/\/www.hotel-laperouse.fr\/es\/noticias\/yokow\/\"]}]},{\"@type\":\"BreadcrumbList\",\"@id\":\"https:\/\/www.hotel-laperouse.fr\/es\/noticias\/yokow\/#breadcrumb\",\"itemListElement\":[{\"@type\":\"ListItem\",\"position\":1,\"name\":\"Home\",\"item\":\"https:\/\/www.hotel-laperouse.fr\/es\/\"},{\"@type\":\"ListItem\",\"position\":2,\"name\":\"Noticias\",\"item\":\"https:\/\/www.hotel-laperouse.fr\/es\/noticias\/\"},{\"@type\":\"ListItem\",\"position\":3,\"name\":\"Yokow\"}]},{\"@type\":\"WebSite\",\"@id\":\"https:\/\/www.hotel-laperouse.fr\/es\/#website\",\"url\":\"https:\/\/www.hotel-laperouse.fr\/es\/\",\"name\":\"La P\u00e9rouse Hotel\",\"description\":\"\",\"potentialAction\":[{\"@type\":\"SearchAction\",\"target\":{\"@type\":\"EntryPoint\",\"urlTemplate\":\"https:\/\/www.hotel-laperouse.fr\/es\/?s={search_term_string}\"},\"query-input\":{\"@type\":\"PropertyValueSpecification\",\"valueRequired\":true,\"valueName\":\"search_term_string\"}}],\"inLanguage\":\"es\"}]}<\/script>\n<!-- \/ Yoast SEO plugin. -->","yoast_head_json":{"title":"Yokow - La P\u00e9rouse Hotel","description":"Yokow es la marca que hemos elegido con alegr\u00eda en La P\u00e9rouse para la ropa de nuestro equipo. YOKOW Nantes, estos son jeans RAW con aclarados ecol\u00f3gicos.","robots":{"index":"index","follow":"follow","max-snippet":"max-snippet:-1","max-image-preview":"max-image-preview:large","max-video-preview":"max-video-preview:-1"},"canonical":"https:\/\/www.hotel-laperouse.fr\/es\/noticias\/yokow\/","og_locale":"es_ES","og_type":"article","og_title":"Yokow - La P\u00e9rouse Hotel","og_description":"Yokow es la marca que hemos elegido con alegr\u00eda en La P\u00e9rouse para la ropa de nuestro equipo. YOKOW Nantes, estos son jeans RAW con aclarados ecol\u00f3gicos.","og_url":"https:\/\/www.hotel-laperouse.fr\/es\/noticias\/yokow\/","og_site_name":"La P\u00e9rouse Hotel","article_modified_time":"2022-05-16T13:50:12+00:00","twitter_card":"summary_large_image","twitter_misc":{"Tiempo de lectura":"1 minuto"},"schema":{"@context":"https:\/\/schema.org","@graph":[{"@type":"WebPage","@id":"https:\/\/www.hotel-laperouse.fr\/es\/noticias\/yokow\/","url":"https:\/\/www.hotel-laperouse.fr\/es\/noticias\/yokow\/","name":"Yokow - La P\u00e9rouse Hotel","isPartOf":{"@id":"https:\/\/www.hotel-laperouse.fr\/es\/#website"},"datePublished":"2022-02-28T11:14:47+00:00","dateModified":"2022-05-16T13:50:12+00:00","description":"Yokow es la marca que hemos elegido con alegr\u00eda en La P\u00e9rouse para la ropa de nuestro equipo. YOKOW Nantes, estos son jeans RAW con aclarados ecol\u00f3gicos.","breadcrumb":{"@id":"https:\/\/www.hotel-laperouse.fr\/es\/noticias\/yokow\/#breadcrumb"},"inLanguage":"es","potentialAction":[{"@type":"ReadAction","target":["https:\/\/www.hotel-laperouse.fr\/es\/noticias\/yokow\/"]}]},{"@type":"BreadcrumbList","@id":"https:\/\/www.hotel-laperouse.fr\/es\/noticias\/yokow\/#breadcrumb","itemListElement":[{"@type":"ListItem","position":1,"name":"Home","item":"https:\/\/www.hotel-laperouse.fr\/es\/"},{"@type":"ListItem","position":2,"name":"Noticias","item":"https:\/\/www.hotel-laperouse.fr\/es\/noticias\/"},{"@type":"ListItem","position":3,"name":"Yokow"}]},{"@type":"WebSite","@id":"https:\/\/www.hotel-laperouse.fr\/es\/#website","url":"https:\/\/www.hotel-laperouse.fr\/es\/","name":"La P\u00e9rouse Hotel","description":"","potentialAction":[{"@type":"SearchAction","target":{"@type":"EntryPoint","urlTemplate":"https:\/\/www.hotel-laperouse.fr\/es\/?s={search_term_string}"},"query-input":{"@type":"PropertyValueSpecification","valueRequired":true,"valueName":"search_term_string"}}],"inLanguage":"es"}]}},"acf":[],"_links":{"self":[{"href":"https:\/\/www.hotel-laperouse.fr\/es\/wp-json\/wp\/v2\/pages\/559","targetHints":{"allow":["GET"]}}],"collection":[{"href":"https:\/\/www.hotel-laperouse.fr\/es\/wp-json\/wp\/v2\/pages"}],"about":[{"href":"https:\/\/www.hotel-laperouse.fr\/es\/wp-json\/wp\/v2\/types\/page"}],"author":[{"embeddable":true,"href":"https:\/\/www.hotel-laperouse.fr\/es\/wp-json\/wp\/v2\/users\/46"}],"replies":[{"embeddable":true,"href":"https:\/\/www.hotel-laperouse.fr\/es\/wp-json\/wp\/v2\/comments?post=559"}],"version-history":[{"count":0,"href":"https:\/\/www.hotel-laperouse.fr\/es\/wp-json\/wp\/v2\/pages\/559\/revisions"}],"up":[{"embeddable":true,"href":"https:\/\/www.hotel-laperouse.fr\/es\/wp-json\/wp\/v2\/pages\/558"}],"wp:attachment":[{"href":"https:\/\/www.hotel-laperouse.fr\/es\/wp-json\/wp\/v2\/media?parent=559"}],"curies":[{"name":"wp","href":"https:\/\/api.w.org\/{rel}","templated":true}]}}