{"id":555,"date":"2022-02-21T10:53:10","date_gmt":"2022-02-21T10:53:10","guid":{"rendered":"https:\/\/perouse.ms.decms.eu\/servicios\/bar\/"},"modified":"2022-05-16T13:48:13","modified_gmt":"2022-05-16T13:48:13","slug":"bar","status":"publish","type":"page","link":"https:\/\/www.hotel-laperouse.fr\/es\/servicios\/bar\/","title":{"rendered":"Bar"},"content":{"rendered":"<p style=\"text-align: center;\">Recorra el mundo entero desde nuestro bar, situado en la planta baja y abierto 24 horas al d\u00eda. Le ofrecemos una moderna selecci\u00f3n de licores de todo el mundo que har\u00e1 las delicias de los paladares m\u00e1s exquisitos, junto con algunos productos singulares:\u00a0whisky de peque\u00f1os productores; aguardientes italianos de melocot\u00f3n, de uva o de albaricoques del Vesubio; ginebra elaborada en partidas peque\u00f1as mediante infusi\u00f3n en fr\u00edo tras la destilaci\u00f3n; ginebra premium con m\u00e1s de 47 ingredientes; vodka elaborado seg\u00fan una famosa receta del siglo XVI; un ron elegante y potente importado de Phuket; una t\u00f3nica refrescante que ya sirven seis de los diez mejores restaurantes del mundo&#8230;<\/p>\n<p style=\"text-align: center;\">Inst\u00e1lese c\u00f3modamente en nuestro sal\u00f3n, cierre los ojos y explore el mundo a trav\u00e9s de nuestros licores y destilados, elaborados tanto por artesanos tradicionales como por los mejores productores especializados.<\/p>\n","protected":false},"excerpt":{"rendered":"<p>Recorra el mundo entero desde nuestro bar, situado en la planta baja y abierto 24 horas al d\u00eda. Le ofrecemos una moderna selecci\u00f3n de licores de todo el mundo que har\u00e1 las delicias de los paladares m\u00e1s exquisitos, junto con algunos productos singulares:\u00a0whisky de peque\u00f1os productores; aguardientes italianos de melocot\u00f3n, de uva o de albaricoques [&hellip;]<\/p>\n","protected":false},"author":46,"featured_media":0,"parent":552,"menu_order":320,"comment_status":"closed","ping_status":"closed","template":"template-single-service.php","meta":{"footnotes":""},"class_list":["post-555","page","type-page","status-publish","hentry"],"yoast_head":"<!-- This site is optimized with the Yoast SEO plugin v26.9 - https:\/\/yoast.com\/product\/yoast-seo-wordpress\/ -->\n<title>Bar - Hotel Nantes La P\u00e9rouse - Hotel de 4 estrellas ubicado en el centro de Nantes<\/title>\n<meta name=\"description\" content=\"Bienvenido al bar del hotel La P\u00e9rouse, hotel de 4 estrellas en el centro de Nantes\" \/>\n<meta name=\"robots\" content=\"index, follow, max-snippet:-1, max-image-preview:large, max-video-preview:-1\" \/>\n<link rel=\"canonical\" href=\"https:\/\/www.hotel-laperouse.fr\/es\/servicios\/bar\/\" \/>\n<meta property=\"og:locale\" content=\"es_ES\" \/>\n<meta property=\"og:type\" content=\"article\" \/>\n<meta property=\"og:title\" content=\"Bar - Hotel Nantes La P\u00e9rouse - Hotel de 4 estrellas ubicado en el centro de Nantes\" \/>\n<meta property=\"og:description\" content=\"Bienvenido al bar del hotel La P\u00e9rouse, hotel de 4 estrellas en el centro de Nantes\" \/>\n<meta property=\"og:url\" content=\"https:\/\/www.hotel-laperouse.fr\/es\/servicios\/bar\/\" \/>\n<meta property=\"og:site_name\" content=\"La P\u00e9rouse Hotel\" \/>\n<meta property=\"article:modified_time\" content=\"2022-05-16T13:48:13+00:00\" \/>\n<meta name=\"twitter:card\" content=\"summary_large_image\" \/>\n<meta name=\"twitter:label1\" content=\"Tiempo de lectura\" \/>\n\t<meta name=\"twitter:data1\" content=\"1 minuto\" \/>\n<script type=\"application\/ld+json\" class=\"yoast-schema-graph\">{\"@context\":\"https:\/\/schema.org\",\"@graph\":[{\"@type\":\"WebPage\",\"@id\":\"https:\/\/www.hotel-laperouse.fr\/es\/servicios\/bar\/\",\"url\":\"https:\/\/www.hotel-laperouse.fr\/es\/servicios\/bar\/\",\"name\":\"Bar - Hotel Nantes La P\u00e9rouse - Hotel de 4 estrellas ubicado en el centro de Nantes\",\"isPartOf\":{\"@id\":\"https:\/\/www.hotel-laperouse.fr\/es\/#website\"},\"datePublished\":\"2022-02-21T10:53:10+00:00\",\"dateModified\":\"2022-05-16T13:48:13+00:00\",\"description\":\"Bienvenido al bar del hotel La P\u00e9rouse, hotel de 4 estrellas en el centro de Nantes\",\"breadcrumb\":{\"@id\":\"https:\/\/www.hotel-laperouse.fr\/es\/servicios\/bar\/#breadcrumb\"},\"inLanguage\":\"es\",\"potentialAction\":[{\"@type\":\"ReadAction\",\"target\":[\"https:\/\/www.hotel-laperouse.fr\/es\/servicios\/bar\/\"]}]},{\"@type\":\"BreadcrumbList\",\"@id\":\"https:\/\/www.hotel-laperouse.fr\/es\/servicios\/bar\/#breadcrumb\",\"itemListElement\":[{\"@type\":\"ListItem\",\"position\":1,\"name\":\"Home\",\"item\":\"https:\/\/www.hotel-laperouse.fr\/es\/\"},{\"@type\":\"ListItem\",\"position\":2,\"name\":\"Servicios\",\"item\":\"https:\/\/www.hotel-laperouse.fr\/es\/servicios\/\"},{\"@type\":\"ListItem\",\"position\":3,\"name\":\"Bar\"}]},{\"@type\":\"WebSite\",\"@id\":\"https:\/\/www.hotel-laperouse.fr\/es\/#website\",\"url\":\"https:\/\/www.hotel-laperouse.fr\/es\/\",\"name\":\"La P\u00e9rouse Hotel\",\"description\":\"\",\"potentialAction\":[{\"@type\":\"SearchAction\",\"target\":{\"@type\":\"EntryPoint\",\"urlTemplate\":\"https:\/\/www.hotel-laperouse.fr\/es\/?s={search_term_string}\"},\"query-input\":{\"@type\":\"PropertyValueSpecification\",\"valueRequired\":true,\"valueName\":\"search_term_string\"}}],\"inLanguage\":\"es\"}]}<\/script>\n<!-- \/ Yoast SEO plugin. -->","yoast_head_json":{"title":"Bar - Hotel Nantes La P\u00e9rouse - Hotel de 4 estrellas ubicado en el centro de Nantes","description":"Bienvenido al bar del hotel La P\u00e9rouse, hotel de 4 estrellas en el centro de Nantes","robots":{"index":"index","follow":"follow","max-snippet":"max-snippet:-1","max-image-preview":"max-image-preview:large","max-video-preview":"max-video-preview:-1"},"canonical":"https:\/\/www.hotel-laperouse.fr\/es\/servicios\/bar\/","og_locale":"es_ES","og_type":"article","og_title":"Bar - Hotel Nantes La P\u00e9rouse - Hotel de 4 estrellas ubicado en el centro de Nantes","og_description":"Bienvenido al bar del hotel La P\u00e9rouse, hotel de 4 estrellas en el centro de Nantes","og_url":"https:\/\/www.hotel-laperouse.fr\/es\/servicios\/bar\/","og_site_name":"La P\u00e9rouse Hotel","article_modified_time":"2022-05-16T13:48:13+00:00","twitter_card":"summary_large_image","twitter_misc":{"Tiempo de lectura":"1 minuto"},"schema":{"@context":"https:\/\/schema.org","@graph":[{"@type":"WebPage","@id":"https:\/\/www.hotel-laperouse.fr\/es\/servicios\/bar\/","url":"https:\/\/www.hotel-laperouse.fr\/es\/servicios\/bar\/","name":"Bar - Hotel Nantes La P\u00e9rouse - Hotel de 4 estrellas ubicado en el centro de Nantes","isPartOf":{"@id":"https:\/\/www.hotel-laperouse.fr\/es\/#website"},"datePublished":"2022-02-21T10:53:10+00:00","dateModified":"2022-05-16T13:48:13+00:00","description":"Bienvenido al bar del hotel La P\u00e9rouse, hotel de 4 estrellas en el centro de Nantes","breadcrumb":{"@id":"https:\/\/www.hotel-laperouse.fr\/es\/servicios\/bar\/#breadcrumb"},"inLanguage":"es","potentialAction":[{"@type":"ReadAction","target":["https:\/\/www.hotel-laperouse.fr\/es\/servicios\/bar\/"]}]},{"@type":"BreadcrumbList","@id":"https:\/\/www.hotel-laperouse.fr\/es\/servicios\/bar\/#breadcrumb","itemListElement":[{"@type":"ListItem","position":1,"name":"Home","item":"https:\/\/www.hotel-laperouse.fr\/es\/"},{"@type":"ListItem","position":2,"name":"Servicios","item":"https:\/\/www.hotel-laperouse.fr\/es\/servicios\/"},{"@type":"ListItem","position":3,"name":"Bar"}]},{"@type":"WebSite","@id":"https:\/\/www.hotel-laperouse.fr\/es\/#website","url":"https:\/\/www.hotel-laperouse.fr\/es\/","name":"La P\u00e9rouse Hotel","description":"","potentialAction":[{"@type":"SearchAction","target":{"@type":"EntryPoint","urlTemplate":"https:\/\/www.hotel-laperouse.fr\/es\/?s={search_term_string}"},"query-input":{"@type":"PropertyValueSpecification","valueRequired":true,"valueName":"search_term_string"}}],"inLanguage":"es"}]}},"acf":[],"_links":{"self":[{"href":"https:\/\/www.hotel-laperouse.fr\/es\/wp-json\/wp\/v2\/pages\/555","targetHints":{"allow":["GET"]}}],"collection":[{"href":"https:\/\/www.hotel-laperouse.fr\/es\/wp-json\/wp\/v2\/pages"}],"about":[{"href":"https:\/\/www.hotel-laperouse.fr\/es\/wp-json\/wp\/v2\/types\/page"}],"author":[{"embeddable":true,"href":"https:\/\/www.hotel-laperouse.fr\/es\/wp-json\/wp\/v2\/users\/46"}],"replies":[{"embeddable":true,"href":"https:\/\/www.hotel-laperouse.fr\/es\/wp-json\/wp\/v2\/comments?post=555"}],"version-history":[{"count":0,"href":"https:\/\/www.hotel-laperouse.fr\/es\/wp-json\/wp\/v2\/pages\/555\/revisions"}],"up":[{"embeddable":true,"href":"https:\/\/www.hotel-laperouse.fr\/es\/wp-json\/wp\/v2\/pages\/552"}],"wp:attachment":[{"href":"https:\/\/www.hotel-laperouse.fr\/es\/wp-json\/wp\/v2\/media?parent=555"}],"curies":[{"name":"wp","href":"https:\/\/api.w.org\/{rel}","templated":true}]}}