{"id":553,"date":"2022-02-21T10:49:31","date_gmt":"2022-02-21T10:49:31","guid":{"rendered":"https:\/\/perouse.ms.decms.eu\/servicios\/petit-dejeuner-ouvert-a-tous\/"},"modified":"2022-05-16T13:10:04","modified_gmt":"2022-05-16T13:10:04","slug":"desayuno","status":"publish","type":"page","link":"https:\/\/www.hotel-laperouse.fr\/es\/servicios\/desayuno\/","title":{"rendered":"Desayuno"},"content":{"rendered":"<p style=\"text-align: center;\"><em>\u00abBien dice vuesa merced, pero es menester labrar nuestra huerta\u00bb. C\u00e1ndido, Voltaire (1759)<\/em><\/p>\n<p style=\"text-align: center;\">ToEn el hotel La P\u00e9rouse de Nantes, el d\u00eda comienza con un magn\u00edfico desayuno que podr\u00e1 degustar de 6.00 a 12.00 en el sal\u00f3n de desayunos o \u2014sin coste adicional\u2014 en su propia habitaci\u00f3n. Tambi\u00e9n servimos desayunos a comensales que no se alojan en nuestro hotel pero quieren disfrutar de nuestra magn\u00edfica gastronom\u00eda.<\/p>\n<p style=\"text-align: center;\">Para nosotros es una satisfacci\u00f3n ofrecerles los mejores productos de nuestra tierra: los zumos de frutas de agricultura ecol\u00f3gica de C\u00f4teaux Nantais; la leche, mantequilla y yogures de la Fromagerie Bellivaire, con m\u00e1s de treinta a\u00f1os de historia; y los panes, la boller\u00eda y la reposter\u00eda artesanal de nuestra tradici\u00f3n panadera.<\/p>\n<p style=\"text-align: center;\">Toda la fruta y los mueslis que servimos en nuestro hotel son de agricultura ecol\u00f3gica.<br \/>\nTambi\u00e9n colaboramos con Saveurs D\u00e9tonNantes, la primera marca creada por artesanos y productores de Nantes y de la regi\u00f3n, y cuya especialidad es la fabricaci\u00f3n de productos tradicionales a partir de materias primas locales. Gracias a ellos, podemos ofrecerles en nuestros desayunos:<br \/>\n&#8211; El cacao soluble Choc-Hola, elaborado con az\u00facar sin refinar y libre de conservantes, grasas y aditivos.<br \/>\n&#8211; Los mueslis Food Cru, elaborados con cereales, frutas y flores naturales mediante un proceso de deshidrataci\u00f3n (sin cocci\u00f3n) que mantiene intactas sus propiedades nutritivas. Ideales para acompa\u00f1ar a yogures y compotas.<br \/>\n&#8211; Los t\u00e9s y caf\u00e9s bio del torrefactor artesanal Un grain une feuille, elaborados con la colaboraci\u00f3n de una flavorista nantesa certificada en cultivo ecol\u00f3gico.<br \/>\n&#8211; Las compotas y mermeladas de Les Cueillettes d\u2019Annette, elaboradas en su mayor\u00eda con frutas cosechadas a mano y az\u00facar moreno de ca\u00f1a ecol\u00f3gico para conservar todo el sabor de la fruta. Distribuidas bajo la etiqueta Nature et Progr\u00e8s.<\/p>\n<p style=\"text-align: center;\">Disponemos tambi\u00e9n de varios productos sin gluten: variedades de cereales de Food Cru, nuestro pud\u00edn con semillas de ch\u00eda, mezclas de frutos secos, leches vegetales&#8230;<\/p>\n","protected":false},"excerpt":{"rendered":"<p>\u00abBien dice vuesa merced, pero es menester labrar nuestra huerta\u00bb. C\u00e1ndido, Voltaire (1759) ToEn el hotel La P\u00e9rouse de Nantes, el d\u00eda comienza con un magn\u00edfico desayuno que podr\u00e1 degustar de 6.00 a 12.00 en el sal\u00f3n de desayunos o \u2014sin coste adicional\u2014 en su propia habitaci\u00f3n. Tambi\u00e9n servimos desayunos a comensales que no se [&hellip;]<\/p>\n","protected":false},"author":46,"featured_media":0,"parent":552,"menu_order":310,"comment_status":"closed","ping_status":"closed","template":"template-single-service.php","meta":{"footnotes":""},"class_list":["post-553","page","type-page","status-publish","hentry"],"yoast_head":"<!-- This site is optimized with the Yoast SEO plugin v26.9 - https:\/\/yoast.com\/product\/yoast-seo-wordpress\/ -->\n<title>Desayuno - Hotel Nantes La P\u00e9rouse - Hotel de 4 estrellas ubicado en el centro de Nantes<\/title>\n<meta name=\"description\" content=\"Descubra el desayuno del hotel La P\u00e9rouse, un hotel de 4 estrellas en el centro de Nantes. Nuestro objetivo es proporcionarle las producciones m\u00e1s refinadas de nuestro territorio.\" \/>\n<meta name=\"robots\" content=\"index, follow, max-snippet:-1, max-image-preview:large, max-video-preview:-1\" \/>\n<link rel=\"canonical\" href=\"https:\/\/www.hotel-laperouse.fr\/es\/servicios\/desayuno\/\" \/>\n<meta property=\"og:locale\" content=\"es_ES\" \/>\n<meta property=\"og:type\" content=\"article\" \/>\n<meta property=\"og:title\" content=\"Desayuno - Hotel Nantes La P\u00e9rouse - Hotel de 4 estrellas ubicado en el centro de Nantes\" \/>\n<meta property=\"og:description\" content=\"Descubra el desayuno del hotel La P\u00e9rouse, un hotel de 4 estrellas en el centro de Nantes. Nuestro objetivo es proporcionarle las producciones m\u00e1s refinadas de nuestro territorio.\" \/>\n<meta property=\"og:url\" content=\"https:\/\/www.hotel-laperouse.fr\/es\/servicios\/desayuno\/\" \/>\n<meta property=\"og:site_name\" content=\"La P\u00e9rouse Hotel\" \/>\n<meta property=\"article:modified_time\" content=\"2022-05-16T13:10:04+00:00\" \/>\n<meta name=\"twitter:card\" content=\"summary_large_image\" \/>\n<meta name=\"twitter:label1\" content=\"Tiempo de lectura\" \/>\n\t<meta name=\"twitter:data1\" content=\"2 minutos\" \/>\n<script type=\"application\/ld+json\" class=\"yoast-schema-graph\">{\"@context\":\"https:\/\/schema.org\",\"@graph\":[{\"@type\":\"WebPage\",\"@id\":\"https:\/\/www.hotel-laperouse.fr\/es\/servicios\/desayuno\/\",\"url\":\"https:\/\/www.hotel-laperouse.fr\/es\/servicios\/desayuno\/\",\"name\":\"Desayuno - Hotel Nantes La P\u00e9rouse - Hotel de 4 estrellas ubicado en el centro de Nantes\",\"isPartOf\":{\"@id\":\"https:\/\/www.hotel-laperouse.fr\/es\/#website\"},\"datePublished\":\"2022-02-21T10:49:31+00:00\",\"dateModified\":\"2022-05-16T13:10:04+00:00\",\"description\":\"Descubra el desayuno del hotel La P\u00e9rouse, un hotel de 4 estrellas en el centro de Nantes. Nuestro objetivo es proporcionarle las producciones m\u00e1s refinadas de nuestro territorio.\",\"breadcrumb\":{\"@id\":\"https:\/\/www.hotel-laperouse.fr\/es\/servicios\/desayuno\/#breadcrumb\"},\"inLanguage\":\"es\",\"potentialAction\":[{\"@type\":\"ReadAction\",\"target\":[\"https:\/\/www.hotel-laperouse.fr\/es\/servicios\/desayuno\/\"]}]},{\"@type\":\"BreadcrumbList\",\"@id\":\"https:\/\/www.hotel-laperouse.fr\/es\/servicios\/desayuno\/#breadcrumb\",\"itemListElement\":[{\"@type\":\"ListItem\",\"position\":1,\"name\":\"Home\",\"item\":\"https:\/\/www.hotel-laperouse.fr\/es\/\"},{\"@type\":\"ListItem\",\"position\":2,\"name\":\"Servicios\",\"item\":\"https:\/\/www.hotel-laperouse.fr\/es\/servicios\/\"},{\"@type\":\"ListItem\",\"position\":3,\"name\":\"Desayuno\"}]},{\"@type\":\"WebSite\",\"@id\":\"https:\/\/www.hotel-laperouse.fr\/es\/#website\",\"url\":\"https:\/\/www.hotel-laperouse.fr\/es\/\",\"name\":\"La P\u00e9rouse Hotel\",\"description\":\"\",\"potentialAction\":[{\"@type\":\"SearchAction\",\"target\":{\"@type\":\"EntryPoint\",\"urlTemplate\":\"https:\/\/www.hotel-laperouse.fr\/es\/?s={search_term_string}\"},\"query-input\":{\"@type\":\"PropertyValueSpecification\",\"valueRequired\":true,\"valueName\":\"search_term_string\"}}],\"inLanguage\":\"es\"}]}<\/script>\n<!-- \/ Yoast SEO plugin. -->","yoast_head_json":{"title":"Desayuno - Hotel Nantes La P\u00e9rouse - Hotel de 4 estrellas ubicado en el centro de Nantes","description":"Descubra el desayuno del hotel La P\u00e9rouse, un hotel de 4 estrellas en el centro de Nantes. Nuestro objetivo es proporcionarle las producciones m\u00e1s refinadas de nuestro territorio.","robots":{"index":"index","follow":"follow","max-snippet":"max-snippet:-1","max-image-preview":"max-image-preview:large","max-video-preview":"max-video-preview:-1"},"canonical":"https:\/\/www.hotel-laperouse.fr\/es\/servicios\/desayuno\/","og_locale":"es_ES","og_type":"article","og_title":"Desayuno - Hotel Nantes La P\u00e9rouse - Hotel de 4 estrellas ubicado en el centro de Nantes","og_description":"Descubra el desayuno del hotel La P\u00e9rouse, un hotel de 4 estrellas en el centro de Nantes. Nuestro objetivo es proporcionarle las producciones m\u00e1s refinadas de nuestro territorio.","og_url":"https:\/\/www.hotel-laperouse.fr\/es\/servicios\/desayuno\/","og_site_name":"La P\u00e9rouse Hotel","article_modified_time":"2022-05-16T13:10:04+00:00","twitter_card":"summary_large_image","twitter_misc":{"Tiempo de lectura":"2 minutos"},"schema":{"@context":"https:\/\/schema.org","@graph":[{"@type":"WebPage","@id":"https:\/\/www.hotel-laperouse.fr\/es\/servicios\/desayuno\/","url":"https:\/\/www.hotel-laperouse.fr\/es\/servicios\/desayuno\/","name":"Desayuno - Hotel Nantes La P\u00e9rouse - Hotel de 4 estrellas ubicado en el centro de Nantes","isPartOf":{"@id":"https:\/\/www.hotel-laperouse.fr\/es\/#website"},"datePublished":"2022-02-21T10:49:31+00:00","dateModified":"2022-05-16T13:10:04+00:00","description":"Descubra el desayuno del hotel La P\u00e9rouse, un hotel de 4 estrellas en el centro de Nantes. Nuestro objetivo es proporcionarle las producciones m\u00e1s refinadas de nuestro territorio.","breadcrumb":{"@id":"https:\/\/www.hotel-laperouse.fr\/es\/servicios\/desayuno\/#breadcrumb"},"inLanguage":"es","potentialAction":[{"@type":"ReadAction","target":["https:\/\/www.hotel-laperouse.fr\/es\/servicios\/desayuno\/"]}]},{"@type":"BreadcrumbList","@id":"https:\/\/www.hotel-laperouse.fr\/es\/servicios\/desayuno\/#breadcrumb","itemListElement":[{"@type":"ListItem","position":1,"name":"Home","item":"https:\/\/www.hotel-laperouse.fr\/es\/"},{"@type":"ListItem","position":2,"name":"Servicios","item":"https:\/\/www.hotel-laperouse.fr\/es\/servicios\/"},{"@type":"ListItem","position":3,"name":"Desayuno"}]},{"@type":"WebSite","@id":"https:\/\/www.hotel-laperouse.fr\/es\/#website","url":"https:\/\/www.hotel-laperouse.fr\/es\/","name":"La P\u00e9rouse Hotel","description":"","potentialAction":[{"@type":"SearchAction","target":{"@type":"EntryPoint","urlTemplate":"https:\/\/www.hotel-laperouse.fr\/es\/?s={search_term_string}"},"query-input":{"@type":"PropertyValueSpecification","valueRequired":true,"valueName":"search_term_string"}}],"inLanguage":"es"}]}},"acf":[],"_links":{"self":[{"href":"https:\/\/www.hotel-laperouse.fr\/es\/wp-json\/wp\/v2\/pages\/553","targetHints":{"allow":["GET"]}}],"collection":[{"href":"https:\/\/www.hotel-laperouse.fr\/es\/wp-json\/wp\/v2\/pages"}],"about":[{"href":"https:\/\/www.hotel-laperouse.fr\/es\/wp-json\/wp\/v2\/types\/page"}],"author":[{"embeddable":true,"href":"https:\/\/www.hotel-laperouse.fr\/es\/wp-json\/wp\/v2\/users\/46"}],"replies":[{"embeddable":true,"href":"https:\/\/www.hotel-laperouse.fr\/es\/wp-json\/wp\/v2\/comments?post=553"}],"version-history":[{"count":0,"href":"https:\/\/www.hotel-laperouse.fr\/es\/wp-json\/wp\/v2\/pages\/553\/revisions"}],"up":[{"embeddable":true,"href":"https:\/\/www.hotel-laperouse.fr\/es\/wp-json\/wp\/v2\/pages\/552"}],"wp:attachment":[{"href":"https:\/\/www.hotel-laperouse.fr\/es\/wp-json\/wp\/v2\/media?parent=553"}],"curies":[{"name":"wp","href":"https:\/\/api.w.org\/{rel}","templated":true}]}}