{"id":547,"date":"2022-02-21T09:56:11","date_gmt":"2022-02-21T09:56:11","guid":{"rendered":"https:\/\/perouse.ms.decms.eu\/sample-page\/"},"modified":"2022-06-02T14:50:27","modified_gmt":"2022-06-02T14:50:27","slug":"sample-page","status":"publish","type":"page","link":"https:\/\/www.hotel-laperouse.fr\/es\/","title":{"rendered":"H\u00f4tel La P\u00e9rouse Nantes"},"content":{"rendered":"<p style=\"font-weight: 400; text-align: center;\">\u00bfLe gustar\u00eda vivir toda una experiencia urbana y arquitect\u00f3nica en toda regla? Descubra La P\u00e9rouse, un hotel de 4 estrellas ideal para sus visitas a Nantes. Estamos en pleno centro, cerca de la estaci\u00f3n y a dos pasos del castillo de los Duques de Breta\u00f1a.<\/p>\n<p style=\"font-weight: 400; text-align: center;\">Alojarse en nuestro hotel es sumergirse en un universo arquitect\u00f3nico fuera de lo corriente. Galardonado con la distinci\u00f3n \u00abPatrimonio del siglo XX\u00bb, La P\u00e9rouse rinde homenaje al patrimonio de Nantes y a sus numerosos edificios inclinados.<\/p>\n<p><center><img loading=\"lazy\" decoding=\"async\" class=\"aligncenter wp-image-147\" style=\"display: block; margin: auto; object-fit: cover; max-width: 100%;\" src=\"https:\/\/perouse.ms.decms.eu\/wp-content\/uploads\/sites\/418\/2022\/02\/hotel-nantes-bandeau-croquis.png\" alt=\"\" width=\"800\" height=\"138\" srcset=\"https:\/\/www.hotel-laperouse.fr\/wp-content\/uploads\/sites\/418\/2022\/02\/hotel-nantes-bandeau-croquis.png 900w, https:\/\/www.hotel-laperouse.fr\/wp-content\/uploads\/sites\/418\/2022\/02\/hotel-nantes-bandeau-croquis-300x52.png 300w, https:\/\/www.hotel-laperouse.fr\/wp-content\/uploads\/sites\/418\/2022\/02\/hotel-nantes-bandeau-croquis-768x132.png 768w, https:\/\/www.hotel-laperouse.fr\/wp-content\/uploads\/sites\/418\/2022\/02\/hotel-nantes-bandeau-croquis-200x34.png 200w, https:\/\/www.hotel-laperouse.fr\/wp-content\/uploads\/sites\/418\/2022\/02\/hotel-nantes-bandeau-croquis-600x103.png 600w\" sizes=\"auto, (max-width: 800px) 100vw, 800px\" \/><\/center><\/p>\n","protected":false},"excerpt":{"rendered":"<p>\u00bfLe gustar\u00eda vivir toda una experiencia urbana y arquitect\u00f3nica en toda regla? Descubra La P\u00e9rouse, un hotel de 4 estrellas ideal para sus visitas a Nantes. Estamos en pleno centro, cerca de la estaci\u00f3n y a dos pasos del castillo de los Duques de Breta\u00f1a. Alojarse en nuestro hotel es sumergirse en un universo arquitect\u00f3nico [&hellip;]<\/p>\n","protected":false},"author":46,"featured_media":0,"parent":0,"menu_order":10,"comment_status":"closed","ping_status":"closed","template":"","meta":{"footnotes":""},"class_list":["post-547","page","type-page","status-publish","hentry"],"yoast_head":"<!-- This site is optimized with the Yoast SEO plugin v26.9 - https:\/\/yoast.com\/product\/yoast-seo-wordpress\/ -->\n<title>Bienvenido al hotel de 4 estrellas Nantes La P\u00e9rouse en el centro de Nantes<\/title>\n<meta name=\"description\" content=\"El H\u00f4tel La P\u00e9rouse de 4 estrellas es la mejor parada en Nantes. Descubra nuestro excepcional hotel ubicado en el centro de Nantes.\" \/>\n<meta name=\"robots\" content=\"index, follow, max-snippet:-1, max-image-preview:large, max-video-preview:-1\" \/>\n<link rel=\"canonical\" href=\"https:\/\/www.hotel-laperouse.fr\/es\/\" \/>\n<meta property=\"og:locale\" content=\"es_ES\" \/>\n<meta property=\"og:type\" content=\"article\" \/>\n<meta property=\"og:title\" content=\"Bienvenido al hotel de 4 estrellas Nantes La P\u00e9rouse en el centro de Nantes\" \/>\n<meta property=\"og:description\" content=\"El H\u00f4tel La P\u00e9rouse de 4 estrellas es la mejor parada en Nantes. Descubra nuestro excepcional hotel ubicado en el centro de Nantes.\" \/>\n<meta property=\"og:url\" content=\"https:\/\/www.hotel-laperouse.fr\/es\/\" \/>\n<meta property=\"og:site_name\" content=\"La P\u00e9rouse Hotel\" \/>\n<meta property=\"article:modified_time\" content=\"2022-06-02T14:50:27+00:00\" \/>\n<meta property=\"og:image\" content=\"https:\/\/perouse.ms.decms.eu\/wp-content\/uploads\/sites\/418\/2022\/02\/hotel-nantes-bandeau-croquis.png\" \/>\n<meta name=\"twitter:card\" content=\"summary_large_image\" \/>\n<meta name=\"twitter:label1\" content=\"Tiempo de lectura\" \/>\n\t<meta name=\"twitter:data1\" content=\"1 minuto\" \/>\n<script type=\"application\/ld+json\" class=\"yoast-schema-graph\">{\"@context\":\"https:\/\/schema.org\",\"@graph\":[{\"@type\":\"WebPage\",\"@id\":\"https:\/\/www.hotel-laperouse.fr\/es\/\",\"url\":\"https:\/\/www.hotel-laperouse.fr\/es\/\",\"name\":\"Bienvenido al hotel de 4 estrellas Nantes La P\u00e9rouse en el centro de Nantes\",\"isPartOf\":{\"@id\":\"https:\/\/www.hotel-laperouse.fr\/es\/#website\"},\"primaryImageOfPage\":{\"@id\":\"https:\/\/www.hotel-laperouse.fr\/es\/#primaryimage\"},\"image\":{\"@id\":\"https:\/\/www.hotel-laperouse.fr\/es\/#primaryimage\"},\"thumbnailUrl\":\"https:\/\/perouse.ms.decms.eu\/wp-content\/uploads\/sites\/418\/2022\/02\/hotel-nantes-bandeau-croquis.png\",\"datePublished\":\"2022-02-21T09:56:11+00:00\",\"dateModified\":\"2022-06-02T14:50:27+00:00\",\"description\":\"El H\u00f4tel La P\u00e9rouse de 4 estrellas es la mejor parada en Nantes. Descubra nuestro excepcional hotel ubicado en el centro de Nantes.\",\"breadcrumb\":{\"@id\":\"https:\/\/www.hotel-laperouse.fr\/es\/#breadcrumb\"},\"inLanguage\":\"es\",\"potentialAction\":[{\"@type\":\"ReadAction\",\"target\":[\"https:\/\/www.hotel-laperouse.fr\/es\/\"]}]},{\"@type\":\"ImageObject\",\"inLanguage\":\"es\",\"@id\":\"https:\/\/www.hotel-laperouse.fr\/es\/#primaryimage\",\"url\":\"https:\/\/perouse.ms.decms.eu\/wp-content\/uploads\/sites\/418\/2022\/02\/hotel-nantes-bandeau-croquis.png\",\"contentUrl\":\"https:\/\/perouse.ms.decms.eu\/wp-content\/uploads\/sites\/418\/2022\/02\/hotel-nantes-bandeau-croquis.png\"},{\"@type\":\"BreadcrumbList\",\"@id\":\"https:\/\/www.hotel-laperouse.fr\/es\/#breadcrumb\",\"itemListElement\":[{\"@type\":\"ListItem\",\"position\":1,\"name\":\"Home\",\"item\":\"https:\/\/www.hotel-laperouse.fr\/es\/\"},{\"@type\":\"ListItem\",\"position\":2,\"name\":\"H\u00f4tel La P\u00e9rouse Nantes\"}]},{\"@type\":\"WebSite\",\"@id\":\"https:\/\/www.hotel-laperouse.fr\/es\/#website\",\"url\":\"https:\/\/www.hotel-laperouse.fr\/es\/\",\"name\":\"La P\u00e9rouse Hotel\",\"description\":\"\",\"potentialAction\":[{\"@type\":\"SearchAction\",\"target\":{\"@type\":\"EntryPoint\",\"urlTemplate\":\"https:\/\/www.hotel-laperouse.fr\/es\/?s={search_term_string}\"},\"query-input\":{\"@type\":\"PropertyValueSpecification\",\"valueRequired\":true,\"valueName\":\"search_term_string\"}}],\"inLanguage\":\"es\"}]}<\/script>\n<!-- \/ Yoast SEO plugin. -->","yoast_head_json":{"title":"Bienvenido al hotel de 4 estrellas Nantes La P\u00e9rouse en el centro de Nantes","description":"El H\u00f4tel La P\u00e9rouse de 4 estrellas es la mejor parada en Nantes. Descubra nuestro excepcional hotel ubicado en el centro de Nantes.","robots":{"index":"index","follow":"follow","max-snippet":"max-snippet:-1","max-image-preview":"max-image-preview:large","max-video-preview":"max-video-preview:-1"},"canonical":"https:\/\/www.hotel-laperouse.fr\/es\/","og_locale":"es_ES","og_type":"article","og_title":"Bienvenido al hotel de 4 estrellas Nantes La P\u00e9rouse en el centro de Nantes","og_description":"El H\u00f4tel La P\u00e9rouse de 4 estrellas es la mejor parada en Nantes. Descubra nuestro excepcional hotel ubicado en el centro de Nantes.","og_url":"https:\/\/www.hotel-laperouse.fr\/es\/","og_site_name":"La P\u00e9rouse Hotel","article_modified_time":"2022-06-02T14:50:27+00:00","og_image":[{"url":"https:\/\/perouse.ms.decms.eu\/wp-content\/uploads\/sites\/418\/2022\/02\/hotel-nantes-bandeau-croquis.png","type":"","width":"","height":""}],"twitter_card":"summary_large_image","twitter_misc":{"Tiempo de lectura":"1 minuto"},"schema":{"@context":"https:\/\/schema.org","@graph":[{"@type":"WebPage","@id":"https:\/\/www.hotel-laperouse.fr\/es\/","url":"https:\/\/www.hotel-laperouse.fr\/es\/","name":"Bienvenido al hotel de 4 estrellas Nantes La P\u00e9rouse en el centro de Nantes","isPartOf":{"@id":"https:\/\/www.hotel-laperouse.fr\/es\/#website"},"primaryImageOfPage":{"@id":"https:\/\/www.hotel-laperouse.fr\/es\/#primaryimage"},"image":{"@id":"https:\/\/www.hotel-laperouse.fr\/es\/#primaryimage"},"thumbnailUrl":"https:\/\/perouse.ms.decms.eu\/wp-content\/uploads\/sites\/418\/2022\/02\/hotel-nantes-bandeau-croquis.png","datePublished":"2022-02-21T09:56:11+00:00","dateModified":"2022-06-02T14:50:27+00:00","description":"El H\u00f4tel La P\u00e9rouse de 4 estrellas es la mejor parada en Nantes. Descubra nuestro excepcional hotel ubicado en el centro de Nantes.","breadcrumb":{"@id":"https:\/\/www.hotel-laperouse.fr\/es\/#breadcrumb"},"inLanguage":"es","potentialAction":[{"@type":"ReadAction","target":["https:\/\/www.hotel-laperouse.fr\/es\/"]}]},{"@type":"ImageObject","inLanguage":"es","@id":"https:\/\/www.hotel-laperouse.fr\/es\/#primaryimage","url":"https:\/\/perouse.ms.decms.eu\/wp-content\/uploads\/sites\/418\/2022\/02\/hotel-nantes-bandeau-croquis.png","contentUrl":"https:\/\/perouse.ms.decms.eu\/wp-content\/uploads\/sites\/418\/2022\/02\/hotel-nantes-bandeau-croquis.png"},{"@type":"BreadcrumbList","@id":"https:\/\/www.hotel-laperouse.fr\/es\/#breadcrumb","itemListElement":[{"@type":"ListItem","position":1,"name":"Home","item":"https:\/\/www.hotel-laperouse.fr\/es\/"},{"@type":"ListItem","position":2,"name":"H\u00f4tel La P\u00e9rouse Nantes"}]},{"@type":"WebSite","@id":"https:\/\/www.hotel-laperouse.fr\/es\/#website","url":"https:\/\/www.hotel-laperouse.fr\/es\/","name":"La P\u00e9rouse Hotel","description":"","potentialAction":[{"@type":"SearchAction","target":{"@type":"EntryPoint","urlTemplate":"https:\/\/www.hotel-laperouse.fr\/es\/?s={search_term_string}"},"query-input":{"@type":"PropertyValueSpecification","valueRequired":true,"valueName":"search_term_string"}}],"inLanguage":"es"}]}},"acf":[],"_links":{"self":[{"href":"https:\/\/www.hotel-laperouse.fr\/es\/wp-json\/wp\/v2\/pages\/547","targetHints":{"allow":["GET"]}}],"collection":[{"href":"https:\/\/www.hotel-laperouse.fr\/es\/wp-json\/wp\/v2\/pages"}],"about":[{"href":"https:\/\/www.hotel-laperouse.fr\/es\/wp-json\/wp\/v2\/types\/page"}],"author":[{"embeddable":true,"href":"https:\/\/www.hotel-laperouse.fr\/es\/wp-json\/wp\/v2\/users\/46"}],"replies":[{"embeddable":true,"href":"https:\/\/www.hotel-laperouse.fr\/es\/wp-json\/wp\/v2\/comments?post=547"}],"version-history":[{"count":0,"href":"https:\/\/www.hotel-laperouse.fr\/es\/wp-json\/wp\/v2\/pages\/547\/revisions"}],"wp:attachment":[{"href":"https:\/\/www.hotel-laperouse.fr\/es\/wp-json\/wp\/v2\/media?parent=547"}],"curies":[{"name":"wp","href":"https:\/\/api.w.org\/{rel}","templated":true}]}}