{"id":485,"date":"2022-02-21T11:30:13","date_gmt":"2022-02-21T11:30:13","guid":{"rendered":"https:\/\/perouse.ms.decms.eu\/mentions-legales\/"},"modified":"2022-05-06T12:12:30","modified_gmt":"2022-05-06T12:12:30","slug":"legal-notice","status":"publish","type":"page","link":"https:\/\/www.hotel-laperouse.fr\/en\/legal-notice\/","title":{"rendered":"Legal notice"},"content":{"rendered":"<h2 style=\"text-align: center;\">Propri\u00e9taire du site :<\/h2>\n<p style=\"text-align: center;\">H\u00f4tel Nantes La P\u00e9rouse<br \/>\n03 All\u00e9e Duquesne 44000 NANTES<br \/>\nCourriel : <a href=\"mailto:information@hotel-laperouse.fr\">information@hotel-laperouse.fr<\/a><br \/>\nT\u00e9l\u00e9phone : 02 40 89 75 00<\/p>\n<p style=\"text-align: center;\">Responsable \u00e9ditorial : <span style=\"font-weight: 400;\">Delphine GIROGUY<\/span><\/p>\n<h2 style=\"text-align: center;\">Editeur :<\/h2>\n<p style=\"text-align: center;\">La Soci\u00e9t\u00e9 D-EDGE<br \/>\nADRESSE : 66, rue des Archives<br \/>\n\u00e0 PARIS (75003)<br \/>\nRCS PARIS N\u00b0 431 513 852<br \/>\nRegistre du Commerce et des Soci\u00e9t\u00e9s n\u00b0RCS<br \/>\nPARIS 431 513 852<br \/>\nCapital: 12 700 298.40\u20ac\u200b<\/p>\n<h2 style=\"text-align: center;\">H\u00e9bergeur :<\/h2>\n<p style=\"text-align: center;\">WPEngine, Inc. Irongate House,<br \/>\nAdresse : 22-30 Duke\u2019s Place Londres, EC3A 7LP,<br \/>\nRoyaume-Uni<br \/>\nT\u00e9l\u00e9phone : 08 00 50 53 049<\/p>\n<h2 style=\"text-align: center;\">Droits de reproduction :<\/h2>\n<p style=\"text-align: center;\">L&#8217;ensemble de ce site rel\u00e8ve de la l\u00e9gislation fran\u00e7aise et internationale sur le droit d&#8217;auteur et la propri\u00e9t\u00e9 intellectuelle. Tous les droits de reproduction sont r\u00e9serv\u00e9s, y compris les repr\u00e9sentations iconographiques et photographiques.<\/p>\n<p style=\"text-align: center;\">La reproduction de tout ou partie de ce site sur un support quel qu&#8217;il soit est formellement interdite, sauf autorisation expresse du directeur de la publication.<\/p>\n<h2 style=\"text-align: center;\">Avis relatif \u00e0 la s\u00e9curit\u00e9 :<\/h2>\n<p style=\"text-align: center;\">Afin d&#8217;assurer sa s\u00e9curit\u00e9 et de garantir son acc\u00e8s \u00e0 tous, ce site Internet emploie des logiciels pour contr\u00f4ler les flux sur le site, pour identifier les tentatives non autoris\u00e9es de connexion ou de changement de l&#8217;information, ou toute autre initiative pouvant causer d&#8217;autres dommages. Les tentatives non autoris\u00e9es de chargement d&#8217;information, d&#8217;alt\u00e9ration des informations, visant \u00e0 causer un dommage et d&#8217;une mani\u00e8re g\u00e9n\u00e9rale toute atteinte \u00e0 la disponibilit\u00e9 et l&#8217;int\u00e9grit\u00e9 de ce site sont strictement interdites et seront sanctionn\u00e9es par le code p\u00e9nal. Ainsi l&#8217;article 323-1 du code p\u00e9nal pr\u00e9voit que le fait d&#8217;acc\u00e9der ou de se maintenir frauduleusement, dans tout ou partie d&#8217;un syst\u00e8me de traitement automatis\u00e9 de donn\u00e9es (c&#8217;est le cas d&#8217;un site Internet) est puni de deux ans d&#8217;emprisonnement et de 30000 Euros d&#8217;amende. L&#8217;article 323-3 du m\u00eame code pr\u00e9voit que le fait d&#8217;introduire frauduleusement des donn\u00e9es dans un syst\u00e8me de traitement automatis\u00e9 ou de supprimer ou de modifier frauduleusement les donn\u00e9es qu&#8217;il contient est puni de cinq ans d&#8217;emprisonnement et de 75000 Euros d&#8217;amende.<\/p>\n<h2 style=\"text-align: center;\">Loi informatique et libert\u00e9s :<\/h2>\n<p style=\"text-align: center;\">Conform\u00e9ment \u00e0 la loi informatique et libert\u00e9 du 6 janvier 1978, vous disposez des droits d&#8217;opposition, d&#8217;acc\u00e8s et de rectification des donn\u00e9es vous concernant en application de la loi n\u00b0 78-17 du 6 janvier 1978 relative \u00e0 l&#8217;informatique, aux fichiers et aux libert\u00e9s. Ces donn\u00e9es peuvent \u00eatre communiqu\u00e9es \u00e0 des tiers et vous pouvez \u00eatre amen\u00e9s \u00e0 recevoir des offres commerciales ou non. Si vous ne souhaitez pas, il suffit d&#8217;\u00e9crire \u00e0 l&#8217;\u00e9diteur du site en indiquant vos noms, pr\u00e9noms, adresse, adresses e-mail afin qu&#8217;il puisse faire le n\u00e9cessaire dans les meilleurs d\u00e9lais.<\/p>\n<h2 style=\"text-align: center;\">Cookies :<\/h2>\n<p style=\"text-align: center;\">La navigation sur le site <a href=\"http:\/\/www.hotel-laperouse.fr\">www.hotel-laperouse.fr<\/a> est susceptible de provoquer l&#8217;installation de cookie(s) sur l&#8217;ordinateur de l&#8217;utilisateur. Un cookie est un fichier de petite taille, qui ne permet pas l&#8217;identification de l&#8217;utilisateur, mais qui enregistre des informations relatives \u00e0 la navigation d&#8217;un ordinateur sur un site. Les donn\u00e9es ainsi obtenues visent \u00e0 faciliter la navigation ult\u00e9rieure sur le site, et ont \u00e9galement vocation \u00e0 permettre diverses mesures de fr\u00e9quentation.<\/p>\n<p style=\"text-align: center;\">Il se peut que le refus d&#8217;installation d&#8217;un cookie peut entra\u00eener l&#8217;impossibilit\u00e9 d&#8217;acc\u00e9der \u00e0 l&#8217;enti\u00e8ret\u00e9 de nos services sur notre site. L&#8217;utilisateur peut toutefois configurer son ordinateur de la mani\u00e8re suivante, pour refuser l&#8217;installation des cookies :<\/p>\n<p style=\"text-align: center;\">Sous Internet Explorer : onglet &#8220;Outil&#8221; &gt; &#8220;Options Internet&#8221;. Cliquez sur &#8220;Confidentialit\u00e9&#8221; et choisissez &#8220;Bloquez tous les cookies&#8221;. Validez sur &#8220;Ok&#8221;.<br \/>\nSous Firefox : en haut de la fen\u00eatre du navigateur, cliquez sur le bouton Firefox, puis rendez-vous dans l&#8217;onglet &#8220;Options&#8221;. Cliquez sur l&#8217;onglet &#8220;Vie priv\u00e9e&#8221;. Param\u00e9trez les &#8220;R\u00e8gles de conservation&#8221; sur &#8220;Utiliser les param\u00e8tres personnalis\u00e9s pour l&#8217;historique&#8221;. Enfin, d\u00e9cochez-la pour d\u00e9sactiver les cookies.<br \/>\nSous Safari : cliquez en haut \u00e0 droite du navigateur sur le pictogramme du menu. S\u00e9lectionnez &#8220;Param\u00e8tres&#8221;. Cliquez sur &#8220;Afficher les param\u00e8tres avanc\u00e9s&#8221;. Dans la section &#8220;Confidentialit\u00e9&#8221;, cliquez sur &#8220;Pr\u00e9f\u00e9rences&#8221;. Dans l&#8217;onglet &#8220;Confidentialit\u00e9&#8221;, vous pouvez bloquer les cookies.<br \/>\nSous Chrome : cliquez sur l&#8217;ic\u00f4ne du menu, puis &#8220;Param\u00e8tres&#8221;. En bas de la page, cliquez sur &#8220;Afficher les param\u00e8tres avanc\u00e9s. Dans la section &#8220;Confidentialit\u00e9&#8221;, cliquez sur &#8220;Param\u00e8tres de contenus&#8221;. Pour d\u00e9sactiver les cookies, s\u00e9lectionnez &#8220;Interdire \u00e0 tous les sites de stocker des donn\u00e9es&#8221;. Cliquez sur &#8220;Cookies et donn\u00e9es de site&#8221;, puis passez la souris sur le site ayant cr\u00e9\u00e9 le cookie, et cliquez sur X dans l&#8217;angle droit, ou cliquez sur &#8220;Tout supprimer&#8221;.<\/p>\n","protected":false},"excerpt":{"rendered":"<p>Propri\u00e9taire du site : H\u00f4tel Nantes La P\u00e9rouse 03 All\u00e9e Duquesne 44000 NANTES Courriel : information@hotel-laperouse.fr T\u00e9l\u00e9phone : 02 40 89 75 00 Responsable \u00e9ditorial : Delphine GIROGUY Editeur : La Soci\u00e9t\u00e9 D-EDGE ADRESSE : 66, rue des Archives \u00e0 PARIS (75003) RCS PARIS N\u00b0 431 513 852 Registre du Commerce et des Soci\u00e9t\u00e9s n\u00b0RCS [&hellip;]<\/p>\n","protected":false},"author":46,"featured_media":0,"parent":0,"menu_order":100,"comment_status":"closed","ping_status":"closed","template":"","meta":{"footnotes":""},"class_list":["post-485","page","type-page","status-publish","hentry"],"yoast_head":"<!-- This site is optimized with the Yoast SEO plugin v26.9 - https:\/\/yoast.com\/product\/yoast-seo-wordpress\/ -->\n<title>Legal notice - La P\u00e9rouse Hotel<\/title>\n<meta name=\"description\" content=\"Book your night at the Hotel La P\u00e9rouse, a 4-star hotel in Nantes located in the city center. Ideal for a business or family stay in an architect-designed hotel in Nantes.\" \/>\n<meta name=\"robots\" content=\"index, follow, max-snippet:-1, max-image-preview:large, max-video-preview:-1\" \/>\n<link rel=\"canonical\" href=\"https:\/\/www.hotel-laperouse.fr\/en\/legal-notice\/\" \/>\n<meta property=\"og:locale\" content=\"en_US\" \/>\n<meta property=\"og:type\" content=\"article\" \/>\n<meta property=\"og:title\" content=\"Legal notice - La P\u00e9rouse Hotel\" \/>\n<meta property=\"og:description\" content=\"Book your night at the Hotel La P\u00e9rouse, a 4-star hotel in Nantes located in the city center. Ideal for a business or family stay in an architect-designed hotel in Nantes.\" \/>\n<meta property=\"og:url\" content=\"https:\/\/www.hotel-laperouse.fr\/en\/legal-notice\/\" \/>\n<meta property=\"og:site_name\" content=\"La P\u00e9rouse Hotel\" \/>\n<meta property=\"article:modified_time\" content=\"2022-05-06T12:12:30+00:00\" \/>\n<meta name=\"twitter:card\" content=\"summary_large_image\" \/>\n<meta name=\"twitter:label1\" content=\"Est. reading time\" \/>\n\t<meta name=\"twitter:data1\" content=\"4 minutes\" \/>\n<script type=\"application\/ld+json\" class=\"yoast-schema-graph\">{\"@context\":\"https:\/\/schema.org\",\"@graph\":[{\"@type\":\"WebPage\",\"@id\":\"https:\/\/www.hotel-laperouse.fr\/en\/legal-notice\/\",\"url\":\"https:\/\/www.hotel-laperouse.fr\/en\/legal-notice\/\",\"name\":\"Legal notice - La P\u00e9rouse Hotel\",\"isPartOf\":{\"@id\":\"https:\/\/www.hotel-laperouse.fr\/en\/#website\"},\"datePublished\":\"2022-02-21T11:30:13+00:00\",\"dateModified\":\"2022-05-06T12:12:30+00:00\",\"description\":\"Book your night at the Hotel La P\u00e9rouse, a 4-star hotel in Nantes located in the city center. Ideal for a business or family stay in an architect-designed hotel in Nantes.\",\"breadcrumb\":{\"@id\":\"https:\/\/www.hotel-laperouse.fr\/en\/legal-notice\/#breadcrumb\"},\"inLanguage\":\"en-US\",\"potentialAction\":[{\"@type\":\"ReadAction\",\"target\":[\"https:\/\/www.hotel-laperouse.fr\/en\/legal-notice\/\"]}]},{\"@type\":\"BreadcrumbList\",\"@id\":\"https:\/\/www.hotel-laperouse.fr\/en\/legal-notice\/#breadcrumb\",\"itemListElement\":[{\"@type\":\"ListItem\",\"position\":1,\"name\":\"Home\",\"item\":\"https:\/\/www.hotel-laperouse.fr\/en\/\"},{\"@type\":\"ListItem\",\"position\":2,\"name\":\"Legal notice\"}]},{\"@type\":\"WebSite\",\"@id\":\"https:\/\/www.hotel-laperouse.fr\/en\/#website\",\"url\":\"https:\/\/www.hotel-laperouse.fr\/en\/\",\"name\":\"La P\u00e9rouse Hotel\",\"description\":\"\",\"potentialAction\":[{\"@type\":\"SearchAction\",\"target\":{\"@type\":\"EntryPoint\",\"urlTemplate\":\"https:\/\/www.hotel-laperouse.fr\/en\/?s={search_term_string}\"},\"query-input\":{\"@type\":\"PropertyValueSpecification\",\"valueRequired\":true,\"valueName\":\"search_term_string\"}}],\"inLanguage\":\"en-US\"}]}<\/script>\n<!-- \/ Yoast SEO plugin. -->","yoast_head_json":{"title":"Legal notice - La P\u00e9rouse Hotel","description":"Book your night at the Hotel La P\u00e9rouse, a 4-star hotel in Nantes located in the city center. Ideal for a business or family stay in an architect-designed hotel in Nantes.","robots":{"index":"index","follow":"follow","max-snippet":"max-snippet:-1","max-image-preview":"max-image-preview:large","max-video-preview":"max-video-preview:-1"},"canonical":"https:\/\/www.hotel-laperouse.fr\/en\/legal-notice\/","og_locale":"en_US","og_type":"article","og_title":"Legal notice - La P\u00e9rouse Hotel","og_description":"Book your night at the Hotel La P\u00e9rouse, a 4-star hotel in Nantes located in the city center. Ideal for a business or family stay in an architect-designed hotel in Nantes.","og_url":"https:\/\/www.hotel-laperouse.fr\/en\/legal-notice\/","og_site_name":"La P\u00e9rouse Hotel","article_modified_time":"2022-05-06T12:12:30+00:00","twitter_card":"summary_large_image","twitter_misc":{"Est. reading time":"4 minutes"},"schema":{"@context":"https:\/\/schema.org","@graph":[{"@type":"WebPage","@id":"https:\/\/www.hotel-laperouse.fr\/en\/legal-notice\/","url":"https:\/\/www.hotel-laperouse.fr\/en\/legal-notice\/","name":"Legal notice - La P\u00e9rouse Hotel","isPartOf":{"@id":"https:\/\/www.hotel-laperouse.fr\/en\/#website"},"datePublished":"2022-02-21T11:30:13+00:00","dateModified":"2022-05-06T12:12:30+00:00","description":"Book your night at the Hotel La P\u00e9rouse, a 4-star hotel in Nantes located in the city center. Ideal for a business or family stay in an architect-designed hotel in Nantes.","breadcrumb":{"@id":"https:\/\/www.hotel-laperouse.fr\/en\/legal-notice\/#breadcrumb"},"inLanguage":"en-US","potentialAction":[{"@type":"ReadAction","target":["https:\/\/www.hotel-laperouse.fr\/en\/legal-notice\/"]}]},{"@type":"BreadcrumbList","@id":"https:\/\/www.hotel-laperouse.fr\/en\/legal-notice\/#breadcrumb","itemListElement":[{"@type":"ListItem","position":1,"name":"Home","item":"https:\/\/www.hotel-laperouse.fr\/en\/"},{"@type":"ListItem","position":2,"name":"Legal notice"}]},{"@type":"WebSite","@id":"https:\/\/www.hotel-laperouse.fr\/en\/#website","url":"https:\/\/www.hotel-laperouse.fr\/en\/","name":"La P\u00e9rouse Hotel","description":"","potentialAction":[{"@type":"SearchAction","target":{"@type":"EntryPoint","urlTemplate":"https:\/\/www.hotel-laperouse.fr\/en\/?s={search_term_string}"},"query-input":{"@type":"PropertyValueSpecification","valueRequired":true,"valueName":"search_term_string"}}],"inLanguage":"en-US"}]}},"acf":[],"_links":{"self":[{"href":"https:\/\/www.hotel-laperouse.fr\/en\/wp-json\/wp\/v2\/pages\/485","targetHints":{"allow":["GET"]}}],"collection":[{"href":"https:\/\/www.hotel-laperouse.fr\/en\/wp-json\/wp\/v2\/pages"}],"about":[{"href":"https:\/\/www.hotel-laperouse.fr\/en\/wp-json\/wp\/v2\/types\/page"}],"author":[{"embeddable":true,"href":"https:\/\/www.hotel-laperouse.fr\/en\/wp-json\/wp\/v2\/users\/46"}],"replies":[{"embeddable":true,"href":"https:\/\/www.hotel-laperouse.fr\/en\/wp-json\/wp\/v2\/comments?post=485"}],"version-history":[{"count":0,"href":"https:\/\/www.hotel-laperouse.fr\/en\/wp-json\/wp\/v2\/pages\/485\/revisions"}],"wp:attachment":[{"href":"https:\/\/www.hotel-laperouse.fr\/en\/wp-json\/wp\/v2\/media?parent=485"}],"curies":[{"name":"wp","href":"https:\/\/api.w.org\/{rel}","templated":true}]}}