{"id":327,"date":"2022-02-21T10:56:44","date_gmt":"2022-02-21T10:56:44","guid":{"rendered":"https:\/\/perouse.ms.decms.eu\/our-services\/seminaire\/"},"modified":"2024-12-02T08:38:56","modified_gmt":"2024-12-02T08:38:56","slug":"seminar","status":"publish","type":"page","link":"https:\/\/www.hotel-laperouse.fr\/en\/services\/seminar\/","title":{"rendered":"Seminar"},"content":{"rendered":"<p style=\"text-align: center\"><span style=\"font-weight: 400\">The hotel La P\u00e9rouse is associated with the restaurant Le Sapio and the Voyage \u00e0 Nantes to allow you to organize your seminars and your meetings in atypical and representative places of the city of Nantes. Do not hesitate to contact us for any request for additional information.<\/span><\/p>\n<p>&nbsp;<\/p>\n<h2 style=\"text-align: center\"><strong>THE CHATEAU<\/strong> ROOMS<\/h2>\n<p>&nbsp;<\/p>\n<p style=\"text-align: center\"><span style=\"font-weight: 400\">Benefit from an exceptional setting for your seminars and meetings in the rooms of the Ch\u00e2teau de Nantes. Ideally located a few minutes from the SNCF station, the rooms of the castle combine the ideal conditions for optimal work.<\/span><\/p>\n<p>&nbsp;<\/p>\n<div class=\"uk-width-1-2@m uk-first-column\">\n<h2 style=\"text-align: center\"><strong>THE SAPIO NANTES<\/strong><\/h2>\n<div class=\"uk-panel uk-margin uk-text-center\" style=\"text-align: center\">\n<p><span style=\"font-weight: 400\">Rental of the Grand Salon and Petit Salon rooms at the Sapio in Nantes for your seminars, meetings, conferences. Fully equipped, sunny and quiet.<\/span><\/p>\n<p>&nbsp;<\/p>\n<\/div>\n<h2 style=\"text-align: center\"><strong>THE CAFE-THEATER COMPANY<\/strong><\/h2>\n<div class=\"uk-panel uk-margin uk-text-center\" style=\"text-align: center\">\n<p><span style=\"font-weight: 400\">The Compagnie du Caf\u00e9-Th\u00e9\u00e2tre welcomes your corporate events, seminars, meetings, shows&#8230;<\/span><\/p>\n<\/div>\n<\/div>\n<p>&nbsp;<\/p>\n<div class=\"uk-width-1-2@m\">\n<h2 style=\"text-align: center\"><strong>HAB GALLERY<\/strong><\/h2>\n<div class=\"uk-panel uk-margin uk-text-center\" style=\"text-align: center\">\n<p><span style=\"font-weight: 400\">Spend your study day in a place dedicated to contemporary art of 1400m2. Fully equipped, the HAB Galerie can accommodate up to 450 people.<\/span><\/p>\n<p>&nbsp;<\/p>\n<\/div>\n<h2 style=\"text-align: center\"><strong>ISLAND MACHINES<\/strong><\/h2>\n<div class=\"uk-panel uk-margin uk-text-center\">\n<p style=\"text-align: center\"><span style=\"font-weight: 400\">The Salle de la D\u00e9ferlante welcomes you in the heart of the Machines de l\u2019\u00eele and at the foot of the Carrousel for your study days. Fully equipped, the room can accommodate up to 80 people.<\/span><\/p>\n<p>&nbsp;<\/p>\n<\/div>\n<h2 style=\"text-align: center\">ROOMS OF THE MERCURE NANTES CENTRE GARE<\/h2>\n<div class=\"uk-panel uk-margin uk-text-center\">\n<p style=\"text-align: center\">On the forecourt of the train station, the <a href=\"https:\/\/www.hotel-mercure-nantes.com\/\" target=\"_blank\" rel=\"noopener\">Mercure Nantes Centre Gare hotel<\/a> hosts your <a href=\"https:\/\/www.hotel-mercure-nantes.com\/location-de-salles-nantes\/\" target=\"_blank\" rel=\"noopener\">seminars and meetings in Nantes<\/a> in different rooms: L\u2019atelier, Capitole lounge, Crampton lounge, Chapelon lounge, Pacific lounge<\/p>\n<\/div>\n<\/div>\n<p>&nbsp;<\/p>\n","protected":false},"excerpt":{"rendered":"<p>The hotel La P\u00e9rouse is associated with the restaurant Le Sapio and the Voyage \u00e0 Nantes to allow you to organize your seminars and your meetings in atypical and representative places of the city of Nantes. Do not hesitate to contact us for any request for additional information. &nbsp; THE CHATEAU ROOMS &nbsp; Benefit from [&hellip;]<\/p>\n","protected":false},"author":46,"featured_media":0,"parent":321,"menu_order":330,"comment_status":"closed","ping_status":"closed","template":"template-single-service.php","meta":{"footnotes":""},"class_list":["post-327","page","type-page","status-publish","hentry"],"yoast_head":"<!-- This site is optimized with the Yoast SEO plugin v26.9 - https:\/\/yoast.com\/product\/yoast-seo-wordpress\/ -->\n<title>Seminars - Hotel Nantes La P\u00e9rouse - 4-star hotel located in central Nantes<\/title>\n<meta name=\"description\" content=\"The hotel La P\u00e9rouse, 4-star hotel in central Nantes, purpose seminars in Nantes. Contact us for more informations.\" \/>\n<meta name=\"robots\" content=\"index, follow, max-snippet:-1, max-image-preview:large, max-video-preview:-1\" \/>\n<link rel=\"canonical\" href=\"https:\/\/www.hotel-laperouse.fr\/en\/services\/seminar\/\" \/>\n<meta property=\"og:locale\" content=\"en_US\" \/>\n<meta property=\"og:type\" content=\"article\" \/>\n<meta property=\"og:title\" content=\"Seminars - Hotel Nantes La P\u00e9rouse - 4-star hotel located in central Nantes\" \/>\n<meta property=\"og:description\" content=\"The hotel La P\u00e9rouse, 4-star hotel in central Nantes, purpose seminars in Nantes. Contact us for more informations.\" \/>\n<meta property=\"og:url\" content=\"https:\/\/www.hotel-laperouse.fr\/en\/services\/seminar\/\" \/>\n<meta property=\"og:site_name\" content=\"La P\u00e9rouse Hotel\" \/>\n<meta property=\"article:modified_time\" content=\"2024-12-02T08:38:56+00:00\" \/>\n<meta name=\"twitter:card\" content=\"summary_large_image\" \/>\n<meta name=\"twitter:label1\" content=\"Est. reading time\" \/>\n\t<meta name=\"twitter:data1\" content=\"1 minute\" \/>\n<script type=\"application\/ld+json\" class=\"yoast-schema-graph\">{\"@context\":\"https:\/\/schema.org\",\"@graph\":[{\"@type\":\"WebPage\",\"@id\":\"https:\/\/www.hotel-laperouse.fr\/en\/services\/seminar\/\",\"url\":\"https:\/\/www.hotel-laperouse.fr\/en\/services\/seminar\/\",\"name\":\"Seminars - Hotel Nantes La P\u00e9rouse - 4-star hotel located in central Nantes\",\"isPartOf\":{\"@id\":\"https:\/\/www.hotel-laperouse.fr\/en\/#website\"},\"datePublished\":\"2022-02-21T10:56:44+00:00\",\"dateModified\":\"2024-12-02T08:38:56+00:00\",\"description\":\"The hotel La P\u00e9rouse, 4-star hotel in central Nantes, purpose seminars in Nantes. Contact us for more informations.\",\"breadcrumb\":{\"@id\":\"https:\/\/www.hotel-laperouse.fr\/en\/services\/seminar\/#breadcrumb\"},\"inLanguage\":\"en-US\",\"potentialAction\":[{\"@type\":\"ReadAction\",\"target\":[\"https:\/\/www.hotel-laperouse.fr\/en\/services\/seminar\/\"]}]},{\"@type\":\"BreadcrumbList\",\"@id\":\"https:\/\/www.hotel-laperouse.fr\/en\/services\/seminar\/#breadcrumb\",\"itemListElement\":[{\"@type\":\"ListItem\",\"position\":1,\"name\":\"Home\",\"item\":\"https:\/\/www.hotel-laperouse.fr\/en\/\"},{\"@type\":\"ListItem\",\"position\":2,\"name\":\"Services\",\"item\":\"https:\/\/www.hotel-laperouse.fr\/en\/services\/\"},{\"@type\":\"ListItem\",\"position\":3,\"name\":\"Seminar\"}]},{\"@type\":\"WebSite\",\"@id\":\"https:\/\/www.hotel-laperouse.fr\/en\/#website\",\"url\":\"https:\/\/www.hotel-laperouse.fr\/en\/\",\"name\":\"La P\u00e9rouse Hotel\",\"description\":\"\",\"potentialAction\":[{\"@type\":\"SearchAction\",\"target\":{\"@type\":\"EntryPoint\",\"urlTemplate\":\"https:\/\/www.hotel-laperouse.fr\/en\/?s={search_term_string}\"},\"query-input\":{\"@type\":\"PropertyValueSpecification\",\"valueRequired\":true,\"valueName\":\"search_term_string\"}}],\"inLanguage\":\"en-US\"}]}<\/script>\n<!-- \/ Yoast SEO plugin. -->","yoast_head_json":{"title":"Seminars - Hotel Nantes La P\u00e9rouse - 4-star hotel located in central Nantes","description":"The hotel La P\u00e9rouse, 4-star hotel in central Nantes, purpose seminars in Nantes. Contact us for more informations.","robots":{"index":"index","follow":"follow","max-snippet":"max-snippet:-1","max-image-preview":"max-image-preview:large","max-video-preview":"max-video-preview:-1"},"canonical":"https:\/\/www.hotel-laperouse.fr\/en\/services\/seminar\/","og_locale":"en_US","og_type":"article","og_title":"Seminars - Hotel Nantes La P\u00e9rouse - 4-star hotel located in central Nantes","og_description":"The hotel La P\u00e9rouse, 4-star hotel in central Nantes, purpose seminars in Nantes. Contact us for more informations.","og_url":"https:\/\/www.hotel-laperouse.fr\/en\/services\/seminar\/","og_site_name":"La P\u00e9rouse Hotel","article_modified_time":"2024-12-02T08:38:56+00:00","twitter_card":"summary_large_image","twitter_misc":{"Est. reading time":"1 minute"},"schema":{"@context":"https:\/\/schema.org","@graph":[{"@type":"WebPage","@id":"https:\/\/www.hotel-laperouse.fr\/en\/services\/seminar\/","url":"https:\/\/www.hotel-laperouse.fr\/en\/services\/seminar\/","name":"Seminars - Hotel Nantes La P\u00e9rouse - 4-star hotel located in central Nantes","isPartOf":{"@id":"https:\/\/www.hotel-laperouse.fr\/en\/#website"},"datePublished":"2022-02-21T10:56:44+00:00","dateModified":"2024-12-02T08:38:56+00:00","description":"The hotel La P\u00e9rouse, 4-star hotel in central Nantes, purpose seminars in Nantes. Contact us for more informations.","breadcrumb":{"@id":"https:\/\/www.hotel-laperouse.fr\/en\/services\/seminar\/#breadcrumb"},"inLanguage":"en-US","potentialAction":[{"@type":"ReadAction","target":["https:\/\/www.hotel-laperouse.fr\/en\/services\/seminar\/"]}]},{"@type":"BreadcrumbList","@id":"https:\/\/www.hotel-laperouse.fr\/en\/services\/seminar\/#breadcrumb","itemListElement":[{"@type":"ListItem","position":1,"name":"Home","item":"https:\/\/www.hotel-laperouse.fr\/en\/"},{"@type":"ListItem","position":2,"name":"Services","item":"https:\/\/www.hotel-laperouse.fr\/en\/services\/"},{"@type":"ListItem","position":3,"name":"Seminar"}]},{"@type":"WebSite","@id":"https:\/\/www.hotel-laperouse.fr\/en\/#website","url":"https:\/\/www.hotel-laperouse.fr\/en\/","name":"La P\u00e9rouse Hotel","description":"","potentialAction":[{"@type":"SearchAction","target":{"@type":"EntryPoint","urlTemplate":"https:\/\/www.hotel-laperouse.fr\/en\/?s={search_term_string}"},"query-input":{"@type":"PropertyValueSpecification","valueRequired":true,"valueName":"search_term_string"}}],"inLanguage":"en-US"}]}},"acf":[],"_links":{"self":[{"href":"https:\/\/www.hotel-laperouse.fr\/en\/wp-json\/wp\/v2\/pages\/327","targetHints":{"allow":["GET"]}}],"collection":[{"href":"https:\/\/www.hotel-laperouse.fr\/en\/wp-json\/wp\/v2\/pages"}],"about":[{"href":"https:\/\/www.hotel-laperouse.fr\/en\/wp-json\/wp\/v2\/types\/page"}],"author":[{"embeddable":true,"href":"https:\/\/www.hotel-laperouse.fr\/en\/wp-json\/wp\/v2\/users\/46"}],"replies":[{"embeddable":true,"href":"https:\/\/www.hotel-laperouse.fr\/en\/wp-json\/wp\/v2\/comments?post=327"}],"version-history":[{"count":0,"href":"https:\/\/www.hotel-laperouse.fr\/en\/wp-json\/wp\/v2\/pages\/327\/revisions"}],"up":[{"embeddable":true,"href":"https:\/\/www.hotel-laperouse.fr\/en\/wp-json\/wp\/v2\/pages\/321"}],"wp:attachment":[{"href":"https:\/\/www.hotel-laperouse.fr\/en\/wp-json\/wp\/v2\/media?parent=327"}],"curies":[{"name":"wp","href":"https:\/\/api.w.org\/{rel}","templated":true}]}}