{"id":312,"date":"2022-02-21T09:56:11","date_gmt":"2022-02-21T09:56:11","guid":{"rendered":"https:\/\/perouse.ms.decms.eu\/sample-page\/"},"modified":"2022-06-02T14:49:59","modified_gmt":"2022-06-02T14:49:59","slug":"sample-page","status":"publish","type":"page","link":"https:\/\/www.hotel-laperouse.fr\/en\/","title":{"rendered":"H\u00f4tel La P\u00e9rouse Nantes"},"content":{"rendered":"<p style=\"text-align: center;\">Fostering an urban and architectural experience to its visitors, the 4-star H\u00f4tel La P\u00e9rouse is the ultimate stopover in Nantes. Enjoy our central location, close to the train station and a stone\u2019s throw from the Ch\u00e2teau des Ducs de Bretagne (Castle of the Dukes of Brittany).<\/p>\n<p style=\"text-align: center;\">Staying at H\u00f4tel La P\u00e9rouse means moving into the realms of an architectural gem. Having been awarded a \u201cPatrimoine du XX\u00e8me Si\u00e8cle\u201d certification label (\u201c20th Century Heritage\u201d), the hotel\u2019s architecture pays tribute to Nantes\u2019 heritage, including its many slanted buildings.<\/p>\n<p><center><img loading=\"lazy\" decoding=\"async\" class=\"aligncenter wp-image-147\" style=\"display: block; margin: auto; object-fit: cover; max-width: 100%;\" src=\"https:\/\/perouse.ms.decms.eu\/wp-content\/uploads\/sites\/418\/2022\/02\/hotel-nantes-bandeau-croquis.png\" alt=\"\" width=\"800\" height=\"138\" srcset=\"https:\/\/www.hotel-laperouse.fr\/wp-content\/uploads\/sites\/418\/2022\/02\/hotel-nantes-bandeau-croquis.png 900w, https:\/\/www.hotel-laperouse.fr\/wp-content\/uploads\/sites\/418\/2022\/02\/hotel-nantes-bandeau-croquis-300x52.png 300w, https:\/\/www.hotel-laperouse.fr\/wp-content\/uploads\/sites\/418\/2022\/02\/hotel-nantes-bandeau-croquis-768x132.png 768w, https:\/\/www.hotel-laperouse.fr\/wp-content\/uploads\/sites\/418\/2022\/02\/hotel-nantes-bandeau-croquis-200x34.png 200w, https:\/\/www.hotel-laperouse.fr\/wp-content\/uploads\/sites\/418\/2022\/02\/hotel-nantes-bandeau-croquis-600x103.png 600w\" sizes=\"auto, (max-width: 800px) 100vw, 800px\" \/><\/center><\/p>\n","protected":false},"excerpt":{"rendered":"<p>Fostering an urban and architectural experience to its visitors, the 4-star H\u00f4tel La P\u00e9rouse is the ultimate stopover in Nantes. Enjoy our central location, close to the train station and a stone\u2019s throw from the Ch\u00e2teau des Ducs de Bretagne (Castle of the Dukes of Brittany). Staying at H\u00f4tel La P\u00e9rouse means moving into the [&hellip;]<\/p>\n","protected":false},"author":46,"featured_media":0,"parent":0,"menu_order":10,"comment_status":"closed","ping_status":"closed","template":"","meta":{"footnotes":""},"class_list":["post-312","page","type-page","status-publish","hentry"],"yoast_head":"<!-- This site is optimized with the Yoast SEO plugin v26.9 - https:\/\/yoast.com\/product\/yoast-seo-wordpress\/ -->\n<title>Welcome to the Hotel Nantes La P\u00e9rouse 4-Star Hotel in central Nantes<\/title>\n<meta name=\"description\" content=\"The 4-star H\u00f4tel La P\u00e9rouse is the ultimate stopover in Nantes. Discover our exceptional hotel located in central Nantes.\" \/>\n<meta name=\"robots\" content=\"index, follow, max-snippet:-1, max-image-preview:large, max-video-preview:-1\" \/>\n<link rel=\"canonical\" href=\"https:\/\/www.hotel-laperouse.fr\/en\/\" \/>\n<meta property=\"og:locale\" content=\"en_US\" \/>\n<meta property=\"og:type\" content=\"article\" \/>\n<meta property=\"og:title\" content=\"Welcome to the Hotel Nantes La P\u00e9rouse 4-Star Hotel in central Nantes\" \/>\n<meta property=\"og:description\" content=\"The 4-star H\u00f4tel La P\u00e9rouse is the ultimate stopover in Nantes. Discover our exceptional hotel located in central Nantes.\" \/>\n<meta property=\"og:url\" content=\"https:\/\/www.hotel-laperouse.fr\/en\/\" \/>\n<meta property=\"og:site_name\" content=\"La P\u00e9rouse Hotel\" \/>\n<meta property=\"article:modified_time\" content=\"2022-06-02T14:49:59+00:00\" \/>\n<meta property=\"og:image\" content=\"https:\/\/perouse.ms.decms.eu\/wp-content\/uploads\/sites\/418\/2022\/02\/hotel-nantes-bandeau-croquis.png\" \/>\n<meta name=\"twitter:card\" content=\"summary_large_image\" \/>\n<meta name=\"twitter:label1\" content=\"Est. reading time\" \/>\n\t<meta name=\"twitter:data1\" content=\"1 minute\" \/>\n<script type=\"application\/ld+json\" class=\"yoast-schema-graph\">{\"@context\":\"https:\/\/schema.org\",\"@graph\":[{\"@type\":\"WebPage\",\"@id\":\"https:\/\/www.hotel-laperouse.fr\/en\/\",\"url\":\"https:\/\/www.hotel-laperouse.fr\/en\/\",\"name\":\"Welcome to the Hotel Nantes La P\u00e9rouse 4-Star Hotel in central Nantes\",\"isPartOf\":{\"@id\":\"https:\/\/www.hotel-laperouse.fr\/en\/#website\"},\"primaryImageOfPage\":{\"@id\":\"https:\/\/www.hotel-laperouse.fr\/en\/#primaryimage\"},\"image\":{\"@id\":\"https:\/\/www.hotel-laperouse.fr\/en\/#primaryimage\"},\"thumbnailUrl\":\"https:\/\/perouse.ms.decms.eu\/wp-content\/uploads\/sites\/418\/2022\/02\/hotel-nantes-bandeau-croquis.png\",\"datePublished\":\"2022-02-21T09:56:11+00:00\",\"dateModified\":\"2022-06-02T14:49:59+00:00\",\"description\":\"The 4-star H\u00f4tel La P\u00e9rouse is the ultimate stopover in Nantes. Discover our exceptional hotel located in central Nantes.\",\"breadcrumb\":{\"@id\":\"https:\/\/www.hotel-laperouse.fr\/en\/#breadcrumb\"},\"inLanguage\":\"en-US\",\"potentialAction\":[{\"@type\":\"ReadAction\",\"target\":[\"https:\/\/www.hotel-laperouse.fr\/en\/\"]}]},{\"@type\":\"ImageObject\",\"inLanguage\":\"en-US\",\"@id\":\"https:\/\/www.hotel-laperouse.fr\/en\/#primaryimage\",\"url\":\"https:\/\/perouse.ms.decms.eu\/wp-content\/uploads\/sites\/418\/2022\/02\/hotel-nantes-bandeau-croquis.png\",\"contentUrl\":\"https:\/\/perouse.ms.decms.eu\/wp-content\/uploads\/sites\/418\/2022\/02\/hotel-nantes-bandeau-croquis.png\"},{\"@type\":\"BreadcrumbList\",\"@id\":\"https:\/\/www.hotel-laperouse.fr\/en\/#breadcrumb\",\"itemListElement\":[{\"@type\":\"ListItem\",\"position\":1,\"name\":\"Home\",\"item\":\"https:\/\/www.hotel-laperouse.fr\/en\/\"},{\"@type\":\"ListItem\",\"position\":2,\"name\":\"H\u00f4tel La P\u00e9rouse Nantes\"}]},{\"@type\":\"WebSite\",\"@id\":\"https:\/\/www.hotel-laperouse.fr\/en\/#website\",\"url\":\"https:\/\/www.hotel-laperouse.fr\/en\/\",\"name\":\"La P\u00e9rouse Hotel\",\"description\":\"\",\"potentialAction\":[{\"@type\":\"SearchAction\",\"target\":{\"@type\":\"EntryPoint\",\"urlTemplate\":\"https:\/\/www.hotel-laperouse.fr\/en\/?s={search_term_string}\"},\"query-input\":{\"@type\":\"PropertyValueSpecification\",\"valueRequired\":true,\"valueName\":\"search_term_string\"}}],\"inLanguage\":\"en-US\"}]}<\/script>\n<!-- \/ Yoast SEO plugin. -->","yoast_head_json":{"title":"Welcome to the Hotel Nantes La P\u00e9rouse 4-Star Hotel in central Nantes","description":"The 4-star H\u00f4tel La P\u00e9rouse is the ultimate stopover in Nantes. Discover our exceptional hotel located in central Nantes.","robots":{"index":"index","follow":"follow","max-snippet":"max-snippet:-1","max-image-preview":"max-image-preview:large","max-video-preview":"max-video-preview:-1"},"canonical":"https:\/\/www.hotel-laperouse.fr\/en\/","og_locale":"en_US","og_type":"article","og_title":"Welcome to the Hotel Nantes La P\u00e9rouse 4-Star Hotel in central Nantes","og_description":"The 4-star H\u00f4tel La P\u00e9rouse is the ultimate stopover in Nantes. Discover our exceptional hotel located in central Nantes.","og_url":"https:\/\/www.hotel-laperouse.fr\/en\/","og_site_name":"La P\u00e9rouse Hotel","article_modified_time":"2022-06-02T14:49:59+00:00","og_image":[{"url":"https:\/\/perouse.ms.decms.eu\/wp-content\/uploads\/sites\/418\/2022\/02\/hotel-nantes-bandeau-croquis.png","type":"","width":"","height":""}],"twitter_card":"summary_large_image","twitter_misc":{"Est. reading time":"1 minute"},"schema":{"@context":"https:\/\/schema.org","@graph":[{"@type":"WebPage","@id":"https:\/\/www.hotel-laperouse.fr\/en\/","url":"https:\/\/www.hotel-laperouse.fr\/en\/","name":"Welcome to the Hotel Nantes La P\u00e9rouse 4-Star Hotel in central Nantes","isPartOf":{"@id":"https:\/\/www.hotel-laperouse.fr\/en\/#website"},"primaryImageOfPage":{"@id":"https:\/\/www.hotel-laperouse.fr\/en\/#primaryimage"},"image":{"@id":"https:\/\/www.hotel-laperouse.fr\/en\/#primaryimage"},"thumbnailUrl":"https:\/\/perouse.ms.decms.eu\/wp-content\/uploads\/sites\/418\/2022\/02\/hotel-nantes-bandeau-croquis.png","datePublished":"2022-02-21T09:56:11+00:00","dateModified":"2022-06-02T14:49:59+00:00","description":"The 4-star H\u00f4tel La P\u00e9rouse is the ultimate stopover in Nantes. Discover our exceptional hotel located in central Nantes.","breadcrumb":{"@id":"https:\/\/www.hotel-laperouse.fr\/en\/#breadcrumb"},"inLanguage":"en-US","potentialAction":[{"@type":"ReadAction","target":["https:\/\/www.hotel-laperouse.fr\/en\/"]}]},{"@type":"ImageObject","inLanguage":"en-US","@id":"https:\/\/www.hotel-laperouse.fr\/en\/#primaryimage","url":"https:\/\/perouse.ms.decms.eu\/wp-content\/uploads\/sites\/418\/2022\/02\/hotel-nantes-bandeau-croquis.png","contentUrl":"https:\/\/perouse.ms.decms.eu\/wp-content\/uploads\/sites\/418\/2022\/02\/hotel-nantes-bandeau-croquis.png"},{"@type":"BreadcrumbList","@id":"https:\/\/www.hotel-laperouse.fr\/en\/#breadcrumb","itemListElement":[{"@type":"ListItem","position":1,"name":"Home","item":"https:\/\/www.hotel-laperouse.fr\/en\/"},{"@type":"ListItem","position":2,"name":"H\u00f4tel La P\u00e9rouse Nantes"}]},{"@type":"WebSite","@id":"https:\/\/www.hotel-laperouse.fr\/en\/#website","url":"https:\/\/www.hotel-laperouse.fr\/en\/","name":"La P\u00e9rouse Hotel","description":"","potentialAction":[{"@type":"SearchAction","target":{"@type":"EntryPoint","urlTemplate":"https:\/\/www.hotel-laperouse.fr\/en\/?s={search_term_string}"},"query-input":{"@type":"PropertyValueSpecification","valueRequired":true,"valueName":"search_term_string"}}],"inLanguage":"en-US"}]}},"acf":[],"_links":{"self":[{"href":"https:\/\/www.hotel-laperouse.fr\/en\/wp-json\/wp\/v2\/pages\/312","targetHints":{"allow":["GET"]}}],"collection":[{"href":"https:\/\/www.hotel-laperouse.fr\/en\/wp-json\/wp\/v2\/pages"}],"about":[{"href":"https:\/\/www.hotel-laperouse.fr\/en\/wp-json\/wp\/v2\/types\/page"}],"author":[{"embeddable":true,"href":"https:\/\/www.hotel-laperouse.fr\/en\/wp-json\/wp\/v2\/users\/46"}],"replies":[{"embeddable":true,"href":"https:\/\/www.hotel-laperouse.fr\/en\/wp-json\/wp\/v2\/comments?post=312"}],"version-history":[{"count":0,"href":"https:\/\/www.hotel-laperouse.fr\/en\/wp-json\/wp\/v2\/pages\/312\/revisions"}],"wp:attachment":[{"href":"https:\/\/www.hotel-laperouse.fr\/en\/wp-json\/wp\/v2\/media?parent=312"}],"curies":[{"name":"wp","href":"https:\/\/api.w.org\/{rel}","templated":true}]}}